{"id":276,"date":"2015-06-24T09:12:51","date_gmt":"2015-06-24T09:12:51","guid":{"rendered":"https:\/\/www.acs-i-p.com\/wastewater-treatment\/"},"modified":"2015-06-30T09:31:24","modified_gmt":"2015-06-30T09:31:24","slug":"wastewater-treatment","status":"publish","type":"page","link":"https:\/\/www.acs-i-p.com\/es\/water-division\/wastewater-treatment\/","title":{"rendered":"Aguas Residuales"},"content":{"rendered":"<h3 dir=\"ltr\">Plantas de Tratamiento de Aguas Residual<\/h3>\n<p dir=\"ltr\">Permiten realizar el tratamiento fisicoqu\u00edmico o biol\u00f3gico de las aguas residuales de procedencia urbana o industrial teniendo como resultado la reutilizaci\u00f3n y el reciclaje con fines agr\u00edcolas e industriales.<\/p>\n<p dir=\"ltr\">El agua que se descarga en las zonas urbanas e industriales se conduce a trav\u00e9s de un sistema de tuber\u00edas para ser colectadas en una planta de tratamiento de aguas residuales, para luego ser vertidas en reservorios para su reutilizaci\u00f3n.<\/p>\n<p dir=\"ltr\">Nuestro grupo tiene una vasta\u00a0 experiencia ya sea en Plantas de Tratamiento Modulares as\u00ed como tambi\u00e9n en plantas de Tratamiento Tradicionales:<\/p>\n<h3 dir=\"ltr\">Plantas de Tratamiento Modulares<\/h3>\n<p dir=\"ltr\">Equipos modulares compactos que ahorran tiempo en el proceso de instalaci\u00f3n y facilitan su mantenimiento. Solo se necesita conectar la fuente de agua a tratar. Son muy utilizados para aguas potables, ya sea por s\u00f3lidos suspendidos, microorganismos, y sales, o una combinaci\u00f3n de los mismos.<\/p>\n<h3 dir=\"ltr\">Plantas de Tratamiento Tradicionales<\/h3>\n<p dir=\"ltr\">Plantas de tratamiento, que aunque no modulares, son prefabricadas para su instalaci\u00f3n en lugares en los cuales no existe mucha disponibilidad de espacio o el valor de las tierras es muy alto.<\/p>\n<p dir=\"ltr\">\u00a0<\/p>\n","protected":false},"excerpt":{"rendered":"<p>Plantas de Tratamiento de Aguas Residual Permiten realizar el tratamiento fisicoqu\u00edmico o biol\u00f3gico de las aguas residuales de procedencia urbana o industrial teniendo como resultado la reutilizaci\u00f3n y el reciclaje con fines agr\u00edcolas e industriales. El agua que se descarga en las zonas urbanas e industriales se conduce a trav\u00e9s de un sistema de tuber\u00edas [&hellip;]<\/p>\n","protected":false},"author":1,"featured_media":0,"parent":279,"menu_order":31,"comment_status":"open","ping_status":"closed","template":"","meta":{"_acf_changed":false,"footnotes":""},"class_list":["post-276","page","type-page","status-publish","hentry"],"acf":[],"_links":{"self":[{"href":"https:\/\/www.acs-i-p.com\/es\/wp-json\/wp\/v2\/pages\/276","targetHints":{"allow":["GET"]}}],"collection":[{"href":"https:\/\/www.acs-i-p.com\/es\/wp-json\/wp\/v2\/pages"}],"about":[{"href":"https:\/\/www.acs-i-p.com\/es\/wp-json\/wp\/v2\/types\/page"}],"author":[{"embeddable":true,"href":"https:\/\/www.acs-i-p.com\/es\/wp-json\/wp\/v2\/users\/1"}],"replies":[{"embeddable":true,"href":"https:\/\/www.acs-i-p.com\/es\/wp-json\/wp\/v2\/comments?post=276"}],"version-history":[{"count":7,"href":"https:\/\/www.acs-i-p.com\/es\/wp-json\/wp\/v2\/pages\/276\/revisions"}],"predecessor-version":[{"id":855,"href":"https:\/\/www.acs-i-p.com\/es\/wp-json\/wp\/v2\/pages\/276\/revisions\/855"}],"up":[{"embeddable":true,"href":"https:\/\/www.acs-i-p.com\/es\/wp-json\/wp\/v2\/pages\/279"}],"wp:attachment":[{"href":"https:\/\/www.acs-i-p.com\/es\/wp-json\/wp\/v2\/media?parent=276"}],"curies":[{"name":"wp","href":"https:\/\/api.w.org\/{rel}","templated":true}]}}