{"id":277,"date":"2015-06-24T09:11:28","date_gmt":"2015-06-24T09:11:28","guid":{"rendered":"https:\/\/www.acs-i-p.com\/greenhouses-division-2\/"},"modified":"2015-06-30T10:25:02","modified_gmt":"2015-06-30T10:25:02","slug":"greenhouses-division","status":"publish","type":"page","link":"https:\/\/www.acs-i-p.com\/es\/greenhouses-division\/","title":{"rendered":"Divisi\u00f3n Invernaderos"},"content":{"rendered":"<p>[et_pb_section][et_pb_row][et_pb_column type=\u00bb4_4&#8243;][et_pb_image admin_label=\u00bbImage\u00bb src=\u00bbhttps:\/\/www.acs-i-p.com\/wp-content\/uploads\/2015\/06\/slide-3.jpg\u00bb show_in_lightbox=\u00bboff\u00bb url_new_window=\u00bboff\u00bb animation=\u00bboff\u00bb sticky=\u00bboff\u00bb \/][et_pb_text admin_label=\u00bbText\u00bb background_layout=\u00bblight\u00bb text_orientation=\u00bbleft\u00bb]<\/p>\n<p dir=\"ltr\">La empresa ha adquirido a lo largo de los a\u00f1os una vasta experiencia en la integraci\u00f3n y puesta en marcha de proyectos de invernaderos, y cuenta con un desarrollo de m\u00e1s de 15 hect\u00e1reas de invernaderos para tomate de larga duraci\u00f3n, ejecutado desde sus inicios por gerentes de proyectos de gran experiencia. Concentra su principal experiencia en Centro y Sud Am\u00e9rica, especializ\u00e1ndose en la planificaci\u00f3n, ejecuci\u00f3n y desarrollo de proyectos \u00abLlave de mano\u00bb.<\/p>\n<p dir=\"ltr\">Nuestros profesionales ayudan al cliente a encontrar el modelo de invernadero y los equipos conexos m\u00e1s adecuados en funci\u00f3n de las condiciones agroecol\u00f3gicas y el cultivo seleccionado. Junto a nuestros clientes, buscamos la ubicaci\u00f3n \u00f3ptima para cada uno de los invernaderos y sus instalaciones (sala de empaque, oficinas, sala de fertilizaci\u00f3n, viveros y zonas de enfriamiento). Nuestra empresa provee todo el equipamiento necesario para ejecutar un proyecto integral de invernaderos, y brinda soporte agron\u00f3mico para la primera temporada de cultivo o las temporadas necesarias.<\/p>\n<p dir=\"ltr\">Todos nuestros modelos de invernaderos son estructuras altas con ventilaci\u00f3n mejorada en el techo y paredes, dise\u00f1adas seg\u00fan los est\u00e1ndares israel\u00edes y europeos. Las estructuras tienen una resistencia a vientos de hasta 150 Kph, seg\u00fan el tipo de invernadero, y pueden soportar carga de hasta 30 kg\/m2.\u00a0 La estructura est\u00e1 fabricada a base de tornillos y tuercas, \u00a0y no requieren soldaduras. Existen diferentes modelos de invernaderos que se seleccionan de acuerdo a las necesidades del cliente y a las condiciones agroecol\u00f3gicas.<\/p>\n<p dir=\"ltr\">Todos los tipos de invernaderos pueden venir con o sin entutorado, para el cultivo de hortalizas u otros tipos de cultivos como flores. Los invernaderos, los t\u00faneles y las casa sombra son apropiados para el cultivo de hortalizas de alto valor, especies\u00a0 y flores ornamentales. Las casas de sombra se est\u00e1n utilizando actualmente en bananos.<\/p>\n<p>[\/et_pb_text][\/et_pb_column][\/et_pb_row][et_pb_row][et_pb_column type=\u00bb1_3&#8243;][et_pb_text admin_label=\u00bbInvernaderos\u00bb background_layout=\u00bblight\u00bb text_orientation=\u00bbleft\u00bb]<\/p>\n<h3>Invernaderos<\/h3>\n<p><a href=\"https:\/\/www.acs-i-p.com\/greenhouses-division\/invernaderos\/?lang=es\"><img fetchpriority=\"high\" decoding=\"async\" class=\"alignnone size-full wp-image-842\" src=\"https:\/\/www.acs-i-p.com\/wp-content\/uploads\/2015\/06\/greenhouse-division.jpg\" alt=\"greenhouse-division\" width=\"320\" height=\"186\" \/><\/a><\/p>\n<p style=\"text-align: right;\"><a href=\"https:\/\/www.acs-i-p.com\/greenhouses-division\/invernaderos\/?lang=es\">m\u00e1s informaci\u00f3n &gt;<\/a><\/p>\n<p>&nbsp;<\/p>\n<p>[\/et_pb_text][et_pb_text admin_label=\u00bbEquipos\u00bb background_layout=\u00bblight\u00bb text_orientation=\u00bbleft\u00bb]<\/p>\n<h3>Equipos<\/h3>\n<p><a href=\"https:\/\/www.acs-i-p.com\/greenhouses-division\/equipos\/?lang=es\"><img decoding=\"async\" class=\"alignnone size-full wp-image-974\" src=\"https:\/\/www.acs-i-p.com\/wp-content\/uploads\/2015\/06\/equipos.jpg\" alt=\"equipos\" width=\"320\" height=\"186\" \/><\/a><\/p>\n<p style=\"text-align: right;\"><a href=\"https:\/\/www.acs-i-p.com\/greenhouses-division\/equipos\/?lang=es\">m\u00e1s informaci\u00f3n &gt;<\/a><\/p>\n<p>[\/et_pb_text][\/et_pb_column][et_pb_column type=\u00bb1_3&#8243;][et_pb_text admin_label=\u00bbT\u00faneles\u00bb background_layout=\u00bblight\u00bb text_orientation=\u00bbleft\u00bb]<\/p>\n<h3>T\u00faneles<\/h3>\n<p><a href=\"https:\/\/www.acs-i-p.com\/greenhouses-division\/tuneles\/?lang=es\"><img decoding=\"async\" class=\"alignnone size-full wp-image-970\" src=\"https:\/\/www.acs-i-p.com\/wp-content\/uploads\/2015\/06\/tuneles.jpg\" alt=\"tuneles\" width=\"320\" height=\"186\" \/><\/a><\/p>\n<p style=\"text-align: right;\"><a href=\"https:\/\/www.acs-i-p.com\/greenhouses-division\/tuneles\/?lang=es\">m\u00e1s informaci\u00f3n &gt;<\/a><\/p>\n<p>[\/et_pb_text][\/et_pb_column][et_pb_column type=\u00bb1_3&#8243;][et_pb_text admin_label=\u00bbCasa Sombra\u00bb background_layout=\u00bblight\u00bb text_orientation=\u00bbleft\u00bb]<\/p>\n<h3>Casa Sombra<\/h3>\n<p><a href=\"https:\/\/www.acs-i-p.com\/greenhouses-division\/casa-sombra\/?lang=es\"><img loading=\"lazy\" decoding=\"async\" class=\"alignnone size-full wp-image-972\" src=\"https:\/\/www.acs-i-p.com\/wp-content\/uploads\/2015\/06\/casa-sombre.jpg\" alt=\"casa sombre\" width=\"320\" height=\"186\" \/><\/a><\/p>\n<p style=\"text-align: right;\"><a href=\"https:\/\/www.acs-i-p.com\/greenhouses-division\/casa-sombra\/?lang=es\">m\u00e1s informaci\u00f3n &gt;<\/a><\/p>\n<p>[\/et_pb_text][\/et_pb_column][\/et_pb_row][\/et_pb_section]<\/p>\n","protected":false},"excerpt":{"rendered":"<p>[et_pb_section][et_pb_row][et_pb_column type=\u00bb4_4&#8243;][et_pb_image admin_label=\u00bbImage\u00bb src=\u00bbhttps:\/\/www.acs-i-p.com\/wp-content\/uploads\/2015\/06\/slide-3.jpg\u00bb show_in_lightbox=\u00bboff\u00bb url_new_window=\u00bboff\u00bb animation=\u00bboff\u00bb sticky=\u00bboff\u00bb \/][et_pb_text admin_label=\u00bbText\u00bb background_layout=\u00bblight\u00bb text_orientation=\u00bbleft\u00bb] La empresa ha adquirido a lo largo de los a\u00f1os una vasta experiencia en la integraci\u00f3n y puesta en marcha de proyectos de invernaderos, y cuenta con un desarrollo de m\u00e1s de 15 hect\u00e1reas de invernaderos para tomate de larga duraci\u00f3n, ejecutado desde [&hellip;]<\/p>\n","protected":false},"author":1,"featured_media":0,"parent":0,"menu_order":36,"comment_status":"open","ping_status":"closed","template":"","meta":{"_acf_changed":false,"footnotes":""},"class_list":["post-277","page","type-page","status-publish","hentry"],"acf":[],"_links":{"self":[{"href":"https:\/\/www.acs-i-p.com\/es\/wp-json\/wp\/v2\/pages\/277","targetHints":{"allow":["GET"]}}],"collection":[{"href":"https:\/\/www.acs-i-p.com\/es\/wp-json\/wp\/v2\/pages"}],"about":[{"href":"https:\/\/www.acs-i-p.com\/es\/wp-json\/wp\/v2\/types\/page"}],"author":[{"embeddable":true,"href":"https:\/\/www.acs-i-p.com\/es\/wp-json\/wp\/v2\/users\/1"}],"replies":[{"embeddable":true,"href":"https:\/\/www.acs-i-p.com\/es\/wp-json\/wp\/v2\/comments?post=277"}],"version-history":[{"count":9,"href":"https:\/\/www.acs-i-p.com\/es\/wp-json\/wp\/v2\/pages\/277\/revisions"}],"predecessor-version":[{"id":976,"href":"https:\/\/www.acs-i-p.com\/es\/wp-json\/wp\/v2\/pages\/277\/revisions\/976"}],"wp:attachment":[{"href":"https:\/\/www.acs-i-p.com\/es\/wp-json\/wp\/v2\/media?parent=277"}],"curies":[{"name":"wp","href":"https:\/\/api.w.org\/{rel}","templated":true}]}}