{"id":278,"date":"2015-06-24T09:11:28","date_gmt":"2015-06-24T09:11:28","guid":{"rendered":"https:\/\/www.acs-i-p.com\/the-company-2\/"},"modified":"2015-06-30T09:29:52","modified_gmt":"2015-06-30T09:29:52","slug":"the-company","status":"publish","type":"page","link":"https:\/\/www.acs-i-p.com\/es\/the-company\/","title":{"rendered":"La Empresa"},"content":{"rendered":"<p>[et_pb_section][et_pb_row][et_pb_column type=\u00bb4_4&#8243;][et_pb_image admin_label=\u00bbImage\u00bb src=\u00bbhttps:\/\/www.acs-i-p.com\/wp-content\/uploads\/2015\/06\/slide-1.jpg\u00bb show_in_lightbox=\u00bboff\u00bb url_new_window=\u00bboff\u00bb animation=\u00bbleft\u00bb sticky=\u00bboff\u00bb \/][\/et_pb_column][\/et_pb_row][et_pb_row][et_pb_column type=\u00bb1_4&#8243;][et_pb_sidebar admin_label=\u00bbSidebar\u00bb orientation=\u00bbleft\u00bb area=\u00bbsidebar-1&#8243; background_layout=\u00bblight\u00bb \/][\/et_pb_column][et_pb_column type=\u00bb3_4&#8243;][et_pb_text admin_label=\u00bbText\u00bb background_layout=\u00bblight\u00bb text_orientation=\u00bbleft\u00bb]<\/p>\n<p dir=\"ltr\">El Grupo ACS fue fundado hace m\u00e1s de 35 a\u00f1os por ingenieros Israel\u00edes especializados en proyectos agr\u00edcolas, con el fin de aplicar en Latinoam\u00e9rica las nuevas tendencias en tecnolog\u00eda agr\u00edcola, diversific\u00e1ndose posteriormente con la incorporaci\u00f3n de los proyectos de manejo de agua.<\/p>\n<p dir=\"ltr\">Actualmente, ACS es una de las principales empresas orientadas al desarrollo de proyectos agr\u00edcolas y de manejo de agua en Latinoam\u00e9rica, siendo su especialidad la planificaci\u00f3n y ejecuci\u00f3n de Proyectos Integrales de alta tecnolog\u00eda que incluyen la ingenier\u00eda, la procura y la construcci\u00f3n (EPC). Ha implementado en el transcurso del tiempo m\u00e1s de 200.000 hect\u00e1reas bajo riego presurizado y fertirrigaci\u00f3n, m\u00e1s de 100 hect\u00e1reas de invernaderos en cultivos protegidos, as\u00ed como un conjunto de proyectos de tratamientos de agua, en varios pa\u00edses de la regi\u00f3n, como Venezuela y Rep\u00fablica Dominicana, entre otros.<\/p>\n<p dir=\"ltr\">La sede principal de la empresa se encuentra localizada en Israel, pa\u00eds que es considerado mundialmente la cuna de la tecnolog\u00eda agr\u00edcola mundial, siendo reconocido tambi\u00e9n por su gran desarrollo y experiencia en proyectos de manejo de agua. Su ubicaci\u00f3n le permite a la empresa permanecer actualizada en los m\u00e1s recientes desarrollos tecnol\u00f3gicos, aplicando estas innovaciones de manera oportuna, progresiva y permanente en sus proyectos.<\/p>\n<p dir=\"ltr\">El equipo humano est\u00e1 compuesto por experimentados profesionales que proveen soluciones innovadoras adecuadas en todos los aspectos del proyecto, asegurando a nuestros clientes la puesta en marcha de las m\u00e1s avanzadas tecnolog\u00edas en sus proyectos espec\u00edficos, y su adaptabilidad mediante un proceso de capacitaci\u00f3n permanente.<\/p>\n<p>[\/et_pb_text][\/et_pb_column][\/et_pb_row][\/et_pb_section]<\/p>\n","protected":false},"excerpt":{"rendered":"<p>[et_pb_section][et_pb_row][et_pb_column type=\u00bb4_4&#8243;][et_pb_image admin_label=\u00bbImage\u00bb src=\u00bbhttps:\/\/www.acs-i-p.com\/wp-content\/uploads\/2015\/06\/slide-1.jpg\u00bb show_in_lightbox=\u00bboff\u00bb url_new_window=\u00bboff\u00bb animation=\u00bbleft\u00bb sticky=\u00bboff\u00bb \/][\/et_pb_column][\/et_pb_row][et_pb_row][et_pb_column type=\u00bb1_4&#8243;][et_pb_sidebar admin_label=\u00bbSidebar\u00bb orientation=\u00bbleft\u00bb area=\u00bbsidebar-1&#8243; background_layout=\u00bblight\u00bb \/][\/et_pb_column][et_pb_column type=\u00bb3_4&#8243;][et_pb_text admin_label=\u00bbText\u00bb background_layout=\u00bblight\u00bb text_orientation=\u00bbleft\u00bb] El Grupo ACS fue fundado hace m\u00e1s de 35 a\u00f1os por ingenieros Israel\u00edes especializados en proyectos agr\u00edcolas, con el fin de aplicar en Latinoam\u00e9rica las nuevas tendencias en tecnolog\u00eda agr\u00edcola, diversific\u00e1ndose posteriormente con la incorporaci\u00f3n de [&hellip;]<\/p>\n","protected":false},"author":1,"featured_media":0,"parent":0,"menu_order":1,"comment_status":"open","ping_status":"closed","template":"","meta":{"_acf_changed":false,"footnotes":""},"class_list":["post-278","page","type-page","status-publish","hentry"],"acf":[],"_links":{"self":[{"href":"https:\/\/www.acs-i-p.com\/es\/wp-json\/wp\/v2\/pages\/278","targetHints":{"allow":["GET"]}}],"collection":[{"href":"https:\/\/www.acs-i-p.com\/es\/wp-json\/wp\/v2\/pages"}],"about":[{"href":"https:\/\/www.acs-i-p.com\/es\/wp-json\/wp\/v2\/types\/page"}],"author":[{"embeddable":true,"href":"https:\/\/www.acs-i-p.com\/es\/wp-json\/wp\/v2\/users\/1"}],"replies":[{"embeddable":true,"href":"https:\/\/www.acs-i-p.com\/es\/wp-json\/wp\/v2\/comments?post=278"}],"version-history":[{"count":8,"href":"https:\/\/www.acs-i-p.com\/es\/wp-json\/wp\/v2\/pages\/278\/revisions"}],"predecessor-version":[{"id":845,"href":"https:\/\/www.acs-i-p.com\/es\/wp-json\/wp\/v2\/pages\/278\/revisions\/845"}],"wp:attachment":[{"href":"https:\/\/www.acs-i-p.com\/es\/wp-json\/wp\/v2\/media?parent=278"}],"curies":[{"name":"wp","href":"https:\/\/api.w.org\/{rel}","templated":true}]}}