{"id":279,"date":"2015-06-24T09:11:28","date_gmt":"2015-06-24T09:11:28","guid":{"rendered":"https:\/\/www.acs-i-p.com\/water-division-2\/"},"modified":"2015-07-23T09:04:45","modified_gmt":"2015-07-23T09:04:45","slug":"water-division","status":"publish","type":"page","link":"https:\/\/www.acs-i-p.com\/es\/water-division\/","title":{"rendered":"Divisi\u00f3n Agua"},"content":{"rendered":"<p>[et_pb_section][et_pb_row][et_pb_column type=\u00bb4_4&#8243;][et_pb_image admin_label=\u00bbImage\u00bb src=\u00bbhttps:\/\/www.acs-i-p.com\/wp-content\/uploads\/2015\/06\/water.jpg\u00bb show_in_lightbox=\u00bboff\u00bb url_new_window=\u00bboff\u00bb animation=\u00bboff\u00bb sticky=\u00bboff\u00bb \/][et_pb_text admin_label=\u00bbText\u00bb background_layout=\u00bblight\u00bb text_orientation=\u00bbleft\u00bb]<\/p>\n<p><strong>Divisi\u00f3n Agua<\/strong><\/p>\n<p dir=\"ltr\">El Grupo ACS tiene una vasta experiencia en el desarrollo de proyectos de manejo de agua, principalmente en Am\u00e9rica Latina.<\/p>\n<p dir=\"ltr\">La divisi\u00f3n fue creada en 1990 partiendo de sus recursos y capacidades, y luego de establecer alianzas estrat\u00e9gicas con importantes empresas internacionales, el Grupo inicia el desarrollo de un conjunto de proyectos de tratamiento de aguas.<\/p>\n<p dir=\"ltr\">A trav\u00e9s de los a\u00f1os el Grupo ha tenido un crecimiento significativo, expandiendo sus actividades a otros pa\u00edses, por lo que hoy en d\u00eda desarrolla proyectos de tratamientos de agua de gran escala y complejidad.<\/p>\n<p dir=\"ltr\">El Grupo se especializa en proyectos \u201cLlave en Mano\u201d que incluyen los estudios, la ingenier\u00eda, la procura y la construcci\u00f3n de plantas de tratamiento de agua potable, aguas servidas y aguas salinas en ciudades, pueblos, zonas rurales e industrias. Concentra sus esfuerzos en el segmento de grandes consumidores de aguas industriales y contaminantes, tales como minas, refiner\u00edas y plantas de energ\u00eda, ofreciendo soluciones para reducir al m\u00ednimo su costo.<\/p>\n<p>[\/et_pb_text][\/et_pb_column][\/et_pb_row][et_pb_row][et_pb_column type=\u00bb1_3&#8243;][et_pb_text admin_label=\u00bbPurificacion Industrial\u00bb background_layout=\u00bblight\u00bb text_orientation=\u00bbleft\u00bb]<\/p>\n<h3>Purificacion Industrial<\/h3>\n<p><a href=\"https:\/\/www.acs-i-p.com\/water-division\/purification\/?lang=es\"><img fetchpriority=\"high\" decoding=\"async\" class=\"alignnone size-full wp-image-979\" src=\"https:\/\/www.acs-i-p.com\/wp-content\/uploads\/2015\/06\/purification.jpg\" alt=\"purification\" width=\"320\" height=\"186\" \/><\/a><\/p>\n<p style=\"text-align: right;\"><a href=\"https:\/\/www.acs-i-p.com\/water-division\/purification\/?lang=es\">m\u00e1s informaci\u00f3n &gt;<\/a><\/p>\n<p>[\/et_pb_text][et_pb_text admin_label=\u00bbAguas Residuales\u00bb background_layout=\u00bblight\u00bb text_orientation=\u00bbleft\u00bb]<\/p>\n<h3>Aguas Residuales<\/h3>\n<p><a href=\"https:\/\/www.acs-i-p.com\/water-division\/wastewater-treatment\/?lang=es\"><img decoding=\"async\" class=\"alignnone size-full wp-image-981\" src=\"https:\/\/www.acs-i-p.com\/wp-content\/uploads\/2015\/06\/water-treatment.jpg\" alt=\"water treatment\" width=\"320\" height=\"186\" \/><\/a><\/p>\n<p style=\"text-align: right;\"><a href=\"https:\/\/www.acs-i-p.com\/water-division\/wastewater-treatment\/?lang=es\">m\u00e1s informaci\u00f3n &gt;<\/a><\/p>\n<p>[\/et_pb_text][\/et_pb_column][et_pb_column type=\u00bb1_3&#8243;][et_pb_text admin_label=\u00bbDesalinizaci\u00f3n\u00bb background_layout=\u00bblight\u00bb text_orientation=\u00bbleft\u00bb]<\/p>\n<h3>Desalinizaci\u00f3n<\/h3>\n<p><a href=\"https:\/\/www.acs-i-p.com\/water-division\/desalination\/?lang=es\"><img decoding=\"async\" class=\"alignnone size-full wp-image-977\" src=\"https:\/\/www.acs-i-p.com\/wp-content\/uploads\/2015\/06\/studies.jpg\" alt=\"studies\" width=\"320\" height=\"186\" \/><\/a><\/p>\n<p style=\"text-align: right;\"><a href=\"https:\/\/www.acs-i-p.com\/water-division\/desalination\/?lang=es\">m\u00e1s informaci\u00f3n &gt;<\/a><\/p>\n<p>[\/et_pb_text][et_pb_text admin_label=\u00bbEstudios\u00bb background_layout=\u00bblight\u00bb text_orientation=\u00bbleft\u00bb]<\/p>\n<h3>Estudios<\/h3>\n<p><a href=\"https:\/\/www.acs-i-p.com\/water-division\/studies\/?lang=es\"><img decoding=\"async\" class=\"alignnone size-full wp-image-977\" src=\"https:\/\/www.acs-i-p.com\/wp-content\/uploads\/2015\/06\/studies.jpg\" alt=\"studies\" width=\"320\" height=\"186\" \/><\/a><\/p>\n<p style=\"text-align: right;\"><a href=\"https:\/\/www.acs-i-p.com\/water-division\/studies\/?lang=es\">m\u00e1s informaci\u00f3n &gt;<\/a><\/p>\n<p>[\/et_pb_text][\/et_pb_column][et_pb_column type=\u00bb1_3&#8243;][et_pb_text admin_label=\u00bbPurificaion Municipal\u00bb background_layout=\u00bblight\u00bb text_orientation=\u00bbleft\u00bb]<\/p>\n<h3>Purificaion Municipal<\/h3>\n<p><a href=\"https:\/\/www.acs-i-p.com\/water-division\/municipal-purification\/?lang=es\"><img fetchpriority=\"high\" decoding=\"async\" class=\"alignnone size-full wp-image-979\" src=\"https:\/\/www.acs-i-p.com\/wp-content\/uploads\/2015\/06\/purification.jpg\" alt=\"purification\" width=\"320\" height=\"186\" \/><\/a><\/p>\n<p style=\"text-align: right;\"><a href=\"https:\/\/www.acs-i-p.com\/water-division\/purification\/?lang=es\">m\u00e1s informaci\u00f3n &gt;<\/a><\/p>\n<p>[\/et_pb_text][et_pb_text admin_label=\u00bbBombeo Filtrado y Conducciones\u00bb background_layout=\u00bblight\u00bb text_orientation=\u00bbleft\u00bb]<\/p>\n<h3>Bombeo Filtrado y Conducciones<\/h3>\n<p><a href=\"https:\/\/www.acs-i-p.com\/water-division\/pumpingfiltration-and-conduit\/?lang=es\"><img loading=\"lazy\" decoding=\"async\" class=\"alignnone size-full wp-image-983\" src=\"https:\/\/www.acs-i-p.com\/wp-content\/uploads\/2015\/06\/Bombeo-Filtrado-y-Conducciones.jpg\" alt=\"Bombeo Filtrado y Conducciones\" width=\"320\" height=\"186\" \/><\/a><\/p>\n<p style=\"text-align: right;\"><a href=\"https:\/\/www.acs-i-p.com\/water-division\/pumpingfiltration-and-conduit\/?lang=es\">m\u00e1s informaci\u00f3n &gt;<\/a><\/p>\n<p>[\/et_pb_text][\/et_pb_column][\/et_pb_row][\/et_pb_section]<\/p>\n","protected":false},"excerpt":{"rendered":"<p>[et_pb_section][et_pb_row][et_pb_column type=\u00bb4_4&#8243;][et_pb_image admin_label=\u00bbImage\u00bb src=\u00bbhttps:\/\/www.acs-i-p.com\/wp-content\/uploads\/2015\/06\/water.jpg\u00bb show_in_lightbox=\u00bboff\u00bb url_new_window=\u00bboff\u00bb animation=\u00bboff\u00bb sticky=\u00bboff\u00bb \/][et_pb_text admin_label=\u00bbText\u00bb background_layout=\u00bblight\u00bb text_orientation=\u00bbleft\u00bb] Divisi\u00f3n Agua El Grupo ACS tiene una vasta experiencia en el desarrollo de proyectos de manejo de agua, principalmente en Am\u00e9rica Latina. La divisi\u00f3n fue creada en 1990 partiendo de sus recursos y capacidades, y luego de establecer alianzas estrat\u00e9gicas con importantes empresas [&hellip;]<\/p>\n","protected":false},"author":1,"featured_media":0,"parent":0,"menu_order":30,"comment_status":"open","ping_status":"closed","template":"","meta":{"_acf_changed":false,"footnotes":""},"class_list":["post-279","page","type-page","status-publish","hentry"],"acf":[],"_links":{"self":[{"href":"https:\/\/www.acs-i-p.com\/es\/wp-json\/wp\/v2\/pages\/279","targetHints":{"allow":["GET"]}}],"collection":[{"href":"https:\/\/www.acs-i-p.com\/es\/wp-json\/wp\/v2\/pages"}],"about":[{"href":"https:\/\/www.acs-i-p.com\/es\/wp-json\/wp\/v2\/types\/page"}],"author":[{"embeddable":true,"href":"https:\/\/www.acs-i-p.com\/es\/wp-json\/wp\/v2\/users\/1"}],"replies":[{"embeddable":true,"href":"https:\/\/www.acs-i-p.com\/es\/wp-json\/wp\/v2\/comments?post=279"}],"version-history":[{"count":11,"href":"https:\/\/www.acs-i-p.com\/es\/wp-json\/wp\/v2\/pages\/279\/revisions"}],"predecessor-version":[{"id":1088,"href":"https:\/\/www.acs-i-p.com\/es\/wp-json\/wp\/v2\/pages\/279\/revisions\/1088"}],"wp:attachment":[{"href":"https:\/\/www.acs-i-p.com\/es\/wp-json\/wp\/v2\/media?parent=279"}],"curies":[{"name":"wp","href":"https:\/\/api.w.org\/{rel}","templated":true}]}}