{"id":280,"date":"2015-06-24T09:11:27","date_gmt":"2015-06-24T09:11:27","guid":{"rendered":"https:\/\/www.acs-i-p.com\/agricultural-division-2\/"},"modified":"2015-07-23T08:44:02","modified_gmt":"2015-07-23T08:44:02","slug":"agricultural-division","status":"publish","type":"page","link":"https:\/\/www.acs-i-p.com\/es\/agricultural-division\/","title":{"rendered":"Divisi\u00f3n Agropecuaria"},"content":{"rendered":"<p>[et_pb_section][et_pb_row][et_pb_column type=\u00bb4_4&#8243;][et_pb_image admin_label=\u00bbImage\u00bb src=\u00bbhttps:\/\/www.acs-i-p.com\/wp-content\/uploads\/2015\/06\/slide-2.jpg\u00bb show_in_lightbox=\u00bboff\u00bb url_new_window=\u00bboff\u00bb animation=\u00bbleft\u00bb sticky=\u00bboff\u00bb \/][et_pb_text admin_label=\u00bbText\u00bb background_layout=\u00bblight\u00bb text_orientation=\u00bbleft\u00bb]<\/p>\n<p dir=\"ltr\">La divisi\u00f3n agropecuaria esta orientada al desarrollo de proyectos agr\u00edcolas integrales\u00a0 en america latina y en el mundo. Se especializa en el financiamiento, la planificaci\u00f3n y la ejecuci\u00f3n de \u201cProyectos Llave en Mano\u201d. La divisi\u00f3n trabaja en 6 \u00e1reas de negocios que incluye Estudios B\u00e1sicos, Irrigaci\u00f3n a Campo Abierto, Invernaderos, Centros de Acopio,\u00a0 Estructuras Protegidas y Bioenerg\u00eda, que en muchas ocasiones interact\u00faan entre s\u00ed.<\/p>\n<p>[\/et_pb_text][\/et_pb_column][\/et_pb_row][et_pb_row][et_pb_column type=\u00bb1_3&#8243;][et_pb_text admin_label=\u00bbIrrigacion A Campo Abierto\u00bb background_layout=\u00bblight\u00bb text_orientation=\u00bbleft\u00bb]<\/p>\n<h3>Irrigacion A Campo Abierto<\/h3>\n<p><a href=\"https:\/\/www.acs-i-p.com\/agricultural-division\/irrigation-in-open-field\/?lang=es\"><img fetchpriority=\"high\" decoding=\"async\" class=\"alignnone size-full wp-image-989\" src=\"https:\/\/www.acs-i-p.com\/wp-content\/uploads\/2015\/06\/irrigation-in-open-field.jpg\" alt=\"irrigation in open field\" width=\"320\" height=\"186\" \/><\/a><\/p>\n<p style=\"text-align: right;\"><a href=\"https:\/\/www.acs-i-p.com\/agricultural-division\/irrigation-in-open-field\/?lang=es\">m\u00e1s informaci\u00f3n &gt;<\/a><\/p>\n<p>[\/et_pb_text][\/et_pb_column][et_pb_column type=\u00bb1_3&#8243;][et_pb_text admin_label=\u00bbEstudios Basicos\u00bb background_layout=\u00bblight\u00bb text_orientation=\u00bbleft\u00bb]<\/p>\n<h3>Estudios Basicos<\/h3>\n<p><a href=\"https:\/\/www.acs-i-p.com\/agricultural-division\/basic-studies\/?lang=es\"><img decoding=\"async\" class=\"alignnone size-full wp-image-987\" src=\"https:\/\/www.acs-i-p.com\/wp-content\/uploads\/2015\/06\/basic-studies.jpg\" alt=\"basic studies\" width=\"320\" height=\"186\" \/><\/a><\/p>\n<p style=\"text-align: right;\"><a href=\"https:\/\/www.acs-i-p.com\/agricultural-division\/basic-studies\/?lang=es\">m\u00e1s informaci\u00f3n &gt;<\/a><\/p>\n<p>[\/et_pb_text][\/et_pb_column][et_pb_column type=\u00bb1_3&#8243;][et_pb_text admin_label=\u00bbBioenerg\u00eda\u00bb background_layout=\u00bblight\u00bb text_orientation=\u00bbleft\u00bb]<\/p>\n<h3>Bioenerg\u00eda<\/h3>\n<p><a href=\"https:\/\/www.acs-i-p.com\/agricultural-division\/bioenergy\/?lang=es\"><img decoding=\"async\" class=\"alignnone size-full wp-image-991\" src=\"https:\/\/www.acs-i-p.com\/wp-content\/uploads\/2015\/06\/bioenergy.jpg\" alt=\"bioenergy\" width=\"320\" height=\"186\" \/><\/a><\/p>\n<p style=\"text-align: right;\"><a href=\"https:\/\/www.acs-i-p.com\/agricultural-division\/bioenergy\/?lang=es\">m\u00e1s informaci\u00f3n &gt;<\/a><\/p>\n<p>[\/et_pb_text][\/et_pb_column][\/et_pb_row][et_pb_row][et_pb_column type=\u00bb1_3&#8243;][et_pb_text admin_label=\u00bbCentros De Acopio\u00bb background_layout=\u00bblight\u00bb text_orientation=\u00bbleft\u00bb]<\/p>\n<h3>Centros De Acopio<\/h3>\n<p><a href=\"https:\/\/www.acs-i-p.com\/agricultural-division\/collection-center\/?lang=es\"><img loading=\"lazy\" decoding=\"async\" class=\"alignnone size-full wp-image-993\" src=\"https:\/\/www.acs-i-p.com\/wp-content\/uploads\/2015\/06\/Centros-De-Acopio.jpg\" alt=\"Centros De Acopio\" width=\"320\" height=\"186\" \/><\/a><\/p>\n<p style=\"text-align: right;\"><a href=\"https:\/\/www.acs-i-p.com\/agricultural-division\/collection-center\/?lang=es\">m\u00e1s informaci\u00f3n &gt;<\/a><\/p>\n<p>[\/et_pb_text][\/et_pb_column][et_pb_column type=\u00bb1_3&#8243;][et_pb_text admin_label=\u00bbProyectos Pecuarios\u00bb background_layout=\u00bblight\u00bb text_orientation=\u00bbleft\u00bb]<\/p>\n<h3>Proyectos Pecuarios<\/h3>\n<p><a href=\"https:\/\/www.acs-i-p.com\/agricultural-division\/livestock-projects\/?lang=es\"><img loading=\"lazy\" decoding=\"async\" class=\"alignnone size-full wp-image-995\" src=\"https:\/\/www.acs-i-p.com\/wp-content\/uploads\/2015\/06\/livestock-projects.jpg\" alt=\"livestock-projects\" width=\"320\" height=\"186\" \/><\/a><\/p>\n<p style=\"text-align: right;\"><a href=\"https:\/\/www.acs-i-p.com\/agricultural-division\/livestock-projects\/?lang=es\">m\u00e1s informaci\u00f3n &gt;<\/a><\/p>\n<p>[\/et_pb_text][\/et_pb_column][et_pb_column type=\u00bb1_3&#8243;][et_pb_text admin_label=\u00bbInsumos Agropecuarios\u00bb background_layout=\u00bblight\u00bb text_orientation=\u00bbleft\u00bb]<\/p>\n<h3>Insumos Agropecuarios<\/h3>\n<p><a href=\"https:\/\/www.acs-i-p.com\/agricultural-division\/insumos-agropecuarios\/?lang=es\"><img loading=\"lazy\" decoding=\"async\" class=\"alignnone size-full wp-image-995\" src=\"https:\/\/www.acs-i-p.com\/wp-content\/uploads\/2015\/06\/livestock-projects.jpg\" alt=\"livestock-projects\" width=\"320\" height=\"186\" \/><\/a><\/p>\n<p style=\"text-align: right;\"><a href=\"https:\/\/www.acs-i-p.com\/agricultural-division\/livestock-projects\/?lang=es\">m\u00e1s informaci\u00f3n &gt;<\/a><\/p>\n<p>[\/et_pb_text][\/et_pb_column][\/et_pb_row][\/et_pb_section]<\/p>\n","protected":false},"excerpt":{"rendered":"<p>[et_pb_section][et_pb_row][et_pb_column type=\u00bb4_4&#8243;][et_pb_image admin_label=\u00bbImage\u00bb src=\u00bbhttps:\/\/www.acs-i-p.com\/wp-content\/uploads\/2015\/06\/slide-2.jpg\u00bb show_in_lightbox=\u00bboff\u00bb url_new_window=\u00bboff\u00bb animation=\u00bbleft\u00bb sticky=\u00bboff\u00bb \/][et_pb_text admin_label=\u00bbText\u00bb background_layout=\u00bblight\u00bb text_orientation=\u00bbleft\u00bb] La divisi\u00f3n agropecuaria esta orientada al desarrollo de proyectos agr\u00edcolas integrales\u00a0 en america latina y en el mundo. Se especializa en el financiamiento, la planificaci\u00f3n y la ejecuci\u00f3n de \u201cProyectos Llave en Mano\u201d. La divisi\u00f3n trabaja en 6 \u00e1reas de negocios que incluye [&hellip;]<\/p>\n","protected":false},"author":1,"featured_media":0,"parent":0,"menu_order":21,"comment_status":"open","ping_status":"closed","template":"","meta":{"_acf_changed":false,"footnotes":""},"class_list":["post-280","page","type-page","status-publish","hentry"],"acf":[],"_links":{"self":[{"href":"https:\/\/www.acs-i-p.com\/es\/wp-json\/wp\/v2\/pages\/280","targetHints":{"allow":["GET"]}}],"collection":[{"href":"https:\/\/www.acs-i-p.com\/es\/wp-json\/wp\/v2\/pages"}],"about":[{"href":"https:\/\/www.acs-i-p.com\/es\/wp-json\/wp\/v2\/types\/page"}],"author":[{"embeddable":true,"href":"https:\/\/www.acs-i-p.com\/es\/wp-json\/wp\/v2\/users\/1"}],"replies":[{"embeddable":true,"href":"https:\/\/www.acs-i-p.com\/es\/wp-json\/wp\/v2\/comments?post=280"}],"version-history":[{"count":13,"href":"https:\/\/www.acs-i-p.com\/es\/wp-json\/wp\/v2\/pages\/280\/revisions"}],"predecessor-version":[{"id":1082,"href":"https:\/\/www.acs-i-p.com\/es\/wp-json\/wp\/v2\/pages\/280\/revisions\/1082"}],"wp:attachment":[{"href":"https:\/\/www.acs-i-p.com\/es\/wp-json\/wp\/v2\/media?parent=280"}],"curies":[{"name":"wp","href":"https:\/\/api.w.org\/{rel}","templated":true}]}}