{"id":281,"date":"2015-06-23T10:14:05","date_gmt":"2015-06-23T10:14:05","guid":{"rendered":"https:\/\/www.acs-i-p.com\/sample-page-2\/"},"modified":"2015-07-09T07:32:31","modified_gmt":"2015-07-09T07:32:31","slug":"sample-page","status":"publish","type":"page","link":"https:\/\/www.acs-i-p.com\/es\/","title":{"rendered":"Inicio"},"content":{"rendered":"<p>[et_pb_section][et_pb_row][et_pb_column type=\u00bb4_4&#8243;][et_pb_text admin_label=\u00bbText\u00bb background_layout=\u00bblight\u00bb text_orientation=\u00bbleft\u00bb]<\/p>\n<div id=\"home_text\">El Grupo ACS es una compa\u00f1\u00eda multinacional especializada en el desarrollo de proyectos agr\u00edcolas y tratamiento de agua. La compa\u00f1\u00eda fue formada, hace m\u00e1s de 35 a\u00f1os, por un equipo de ingenieros y agr\u00f3nomos los cuales proveen a sus clientes las adecuadas soluciones en todos los aspectos del proyecto, asegurando que el cliente reciba la m\u00e1s alta tecnolog\u00eda y capacitaci\u00f3n.<\/div>\n<p>[\/et_pb_text][\/et_pb_column][\/et_pb_row][et_pb_row][et_pb_column type=\u00bb1_3&#8243;][et_pb_text admin_label=\u00bbDivisi\u00f3n Agua\u00bb background_layout=\u00bblight\u00bb text_orientation=\u00bbleft\u00bb]<\/p>\n<h3>Divisi\u00f3n Agua<\/h3>\n<p><a href=\"https:\/\/www.acs-i-p.com\/water-division\/?lang=es\"><img fetchpriority=\"high\" decoding=\"async\" class=\"alignnone size-full wp-image-837\" src=\"https:\/\/www.acs-i-p.com\/wp-content\/uploads\/2015\/06\/water-division1.jpg\" alt=\"water-division\" width=\"320\" height=\"186\" \/><\/a><\/p>\n<p style=\"text-align: right;\"><a href=\"https:\/\/www.acs-i-p.com\/water-division\/?lang=es\">m\u00e1s informaci\u00f3n ><\/a><\/p>\n<p>[\/et_pb_text][\/et_pb_column][et_pb_column type=\u00bb1_3&#8243;][et_pb_text admin_label=\u00bbDivisi\u00f3n Agropecuaria\u00bb background_layout=\u00bblight\u00bb text_orientation=\u00bbleft\u00bb]<\/p>\n<h3>Divisi\u00f3n Agropecuaria<\/h3>\n<p><a href=\"https:\/\/www.acs-i-p.com\/agricultural-division\/?lang=es\"><img decoding=\"async\" class=\"alignnone size-full wp-image-840\" src=\"https:\/\/www.acs-i-p.com\/wp-content\/uploads\/2015\/06\/agri-divion.jpg\" alt=\"agri-divion\" width=\"320\" height=\"186\" \/><\/a><\/p>\n<p style=\"text-align: right;\"><a href=\"https:\/\/www.acs-i-p.com\/agricultural-division\/?lang=es\">m\u00e1s informaci\u00f3n ><\/a><\/p>\n<p>[\/et_pb_text][\/et_pb_column][et_pb_column type=\u00bb1_3&#8243;][et_pb_text admin_label=\u00bbDivisi\u00f3n Invernaderos\u00bb background_layout=\u00bblight\u00bb text_orientation=\u00bbleft\u00bb]<\/p>\n<h3>Divisi\u00f3n Invernaderos<\/h3>\n<p><a href=\"https:\/\/www.acs-i-p.com\/greenhouses-division\/?lang=es\"><img decoding=\"async\" class=\"alignnone size-full wp-image-842\" src=\"https:\/\/www.acs-i-p.com\/wp-content\/uploads\/2015\/06\/greenhouse-division.jpg\" alt=\"greenhouse-division\" width=\"320\" height=\"186\" \/><\/a><\/p>\n<p style=\"text-align: right;\"><a href=\"https:\/\/www.acs-i-p.com\/greenhouses-division\/?lang=es\">m\u00e1s informaci\u00f3n ><\/a><\/p>\n<p>[\/et_pb_text][\/et_pb_column][\/et_pb_row][\/et_pb_section]<\/p>\n","protected":false},"excerpt":{"rendered":"<p>[et_pb_section][et_pb_row][et_pb_column type=\u00bb4_4&#8243;][et_pb_text admin_label=\u00bbText\u00bb background_layout=\u00bblight\u00bb text_orientation=\u00bbleft\u00bb] El Grupo ACS es una compa\u00f1\u00eda multinacional especializada en el desarrollo de proyectos agr\u00edcolas y tratamiento de agua. La compa\u00f1\u00eda fue formada, hace m\u00e1s de 35 a\u00f1os, por un equipo de ingenieros y agr\u00f3nomos los cuales proveen a sus clientes las adecuadas soluciones en todos los aspectos del proyecto, asegurando [&hellip;]<\/p>\n","protected":false},"author":1,"featured_media":0,"parent":0,"menu_order":0,"comment_status":"open","ping_status":"open","template":"","meta":{"_acf_changed":false,"footnotes":""},"class_list":["post-281","page","type-page","status-publish","hentry"],"acf":[],"_links":{"self":[{"href":"https:\/\/www.acs-i-p.com\/es\/wp-json\/wp\/v2\/pages\/281","targetHints":{"allow":["GET"]}}],"collection":[{"href":"https:\/\/www.acs-i-p.com\/es\/wp-json\/wp\/v2\/pages"}],"about":[{"href":"https:\/\/www.acs-i-p.com\/es\/wp-json\/wp\/v2\/types\/page"}],"author":[{"embeddable":true,"href":"https:\/\/www.acs-i-p.com\/es\/wp-json\/wp\/v2\/users\/1"}],"replies":[{"embeddable":true,"href":"https:\/\/www.acs-i-p.com\/es\/wp-json\/wp\/v2\/comments?post=281"}],"version-history":[{"count":5,"href":"https:\/\/www.acs-i-p.com\/es\/wp-json\/wp\/v2\/pages\/281\/revisions"}],"predecessor-version":[{"id":1021,"href":"https:\/\/www.acs-i-p.com\/es\/wp-json\/wp\/v2\/pages\/281\/revisions\/1021"}],"wp:attachment":[{"href":"https:\/\/www.acs-i-p.com\/es\/wp-json\/wp\/v2\/media?parent=281"}],"curies":[{"name":"wp","href":"https:\/\/api.w.org\/{rel}","templated":true}]}}