{"id":282,"date":"2015-06-24T09:12:51","date_gmt":"2015-06-24T09:12:51","guid":{"rendered":"https:\/\/www.acs-i-p.com\/water-division\/purification\/"},"modified":"2015-06-30T09:32:26","modified_gmt":"2015-06-30T09:32:26","slug":"purification","status":"publish","type":"page","link":"https:\/\/www.acs-i-p.com\/es\/water-division\/purification\/","title":{"rendered":"Potabilizaci\u00f3n"},"content":{"rendered":"<p>Son plantas capaces de tratar aguas procedentes de r\u00edos, lagunas y pozos, bajo diversas t\u00e9cnicas, con el objetivo de prevenir enfermedades causadas por la ingesti\u00f3n de aguas no aptas para el consumo humano.<\/p>\n<p>&nbsp;<\/p>\n","protected":false},"excerpt":{"rendered":"<p>Son plantas capaces de tratar aguas procedentes de r\u00edos, lagunas y pozos, bajo diversas t\u00e9cnicas, con el objetivo de prevenir enfermedades causadas por la ingesti\u00f3n de aguas no aptas para el consumo humano. &nbsp;<\/p>\n","protected":false},"author":1,"featured_media":0,"parent":279,"menu_order":35,"comment_status":"open","ping_status":"closed","template":"","meta":{"_acf_changed":false,"footnotes":""},"class_list":["post-282","page","type-page","status-publish","hentry"],"acf":[],"_links":{"self":[{"href":"https:\/\/www.acs-i-p.com\/es\/wp-json\/wp\/v2\/pages\/282","targetHints":{"allow":["GET"]}}],"collection":[{"href":"https:\/\/www.acs-i-p.com\/es\/wp-json\/wp\/v2\/pages"}],"about":[{"href":"https:\/\/www.acs-i-p.com\/es\/wp-json\/wp\/v2\/types\/page"}],"author":[{"embeddable":true,"href":"https:\/\/www.acs-i-p.com\/es\/wp-json\/wp\/v2\/users\/1"}],"replies":[{"embeddable":true,"href":"https:\/\/www.acs-i-p.com\/es\/wp-json\/wp\/v2\/comments?post=282"}],"version-history":[{"count":6,"href":"https:\/\/www.acs-i-p.com\/es\/wp-json\/wp\/v2\/pages\/282\/revisions"}],"predecessor-version":[{"id":857,"href":"https:\/\/www.acs-i-p.com\/es\/wp-json\/wp\/v2\/pages\/282\/revisions\/857"}],"up":[{"embeddable":true,"href":"https:\/\/www.acs-i-p.com\/es\/wp-json\/wp\/v2\/pages\/279"}],"wp:attachment":[{"href":"https:\/\/www.acs-i-p.com\/es\/wp-json\/wp\/v2\/media?parent=282"}],"curies":[{"name":"wp","href":"https:\/\/api.w.org\/{rel}","templated":true}]}}