{"id":284,"date":"2015-06-24T09:12:10","date_gmt":"2015-06-24T09:12:10","guid":{"rendered":"https:\/\/www.acs-i-p.com\/the-company\/mission-and-vision\/"},"modified":"2015-06-30T09:33:27","modified_gmt":"2015-06-30T09:33:27","slug":"mission-and-vision","status":"publish","type":"page","link":"https:\/\/www.acs-i-p.com\/es\/the-company\/mission-and-vision\/","title":{"rendered":"Misi\u00f3n y Visi\u00f3n"},"content":{"rendered":"<p><strong>Misi\u00f3n<\/strong><br \/> Somos una empresa internacional que proporciona soluciones\u00a0integrales para el desarrollo de una agricultura sustentable y un manejo eficiente de las aguas municipales e industriales a nivel mundial. Creamos valor superior para nuestros accionistas, clientes, colaboradores y comunidades involucradas.<\/p>\n<p><strong>Visi\u00f3n<\/strong><br \/> Crear una organizaci\u00f3n din\u00e1mica y muy flexible,\u00a0 capaz de generar las soluciones m\u00e1s creativas del mercado para el desarrollo de proyectos t\u00e9cnica, econ\u00f3mica y financieramente factibles,\u00a0\u00a0 que\u00a0 superen las expectativas de nuestros clientes, refuerce los valores fundamentales de nuestros colaboradores, el respeto de nuestros competidores, el apoyo de nuestros proveedores y el reconocimiento de las comunidades locales.<\/p>\n","protected":false},"excerpt":{"rendered":"<p>Misi\u00f3n Somos una empresa internacional que proporciona soluciones\u00a0integrales para el desarrollo de una agricultura sustentable y un manejo eficiente de las aguas municipales e industriales a nivel mundial. Creamos valor superior para nuestros accionistas, clientes, colaboradores y comunidades involucradas. Visi\u00f3n Crear una organizaci\u00f3n din\u00e1mica y muy flexible,\u00a0 capaz de generar las soluciones m\u00e1s creativas del [&hellip;]<\/p>\n","protected":false},"author":1,"featured_media":0,"parent":278,"menu_order":0,"comment_status":"open","ping_status":"closed","template":"","meta":{"_acf_changed":false,"footnotes":""},"class_list":["post-284","page","type-page","status-publish","hentry"],"acf":[],"_links":{"self":[{"href":"https:\/\/www.acs-i-p.com\/es\/wp-json\/wp\/v2\/pages\/284","targetHints":{"allow":["GET"]}}],"collection":[{"href":"https:\/\/www.acs-i-p.com\/es\/wp-json\/wp\/v2\/pages"}],"about":[{"href":"https:\/\/www.acs-i-p.com\/es\/wp-json\/wp\/v2\/types\/page"}],"author":[{"embeddable":true,"href":"https:\/\/www.acs-i-p.com\/es\/wp-json\/wp\/v2\/users\/1"}],"replies":[{"embeddable":true,"href":"https:\/\/www.acs-i-p.com\/es\/wp-json\/wp\/v2\/comments?post=284"}],"version-history":[{"count":4,"href":"https:\/\/www.acs-i-p.com\/es\/wp-json\/wp\/v2\/pages\/284\/revisions"}],"predecessor-version":[{"id":863,"href":"https:\/\/www.acs-i-p.com\/es\/wp-json\/wp\/v2\/pages\/284\/revisions\/863"}],"up":[{"embeddable":true,"href":"https:\/\/www.acs-i-p.com\/es\/wp-json\/wp\/v2\/pages\/278"}],"wp:attachment":[{"href":"https:\/\/www.acs-i-p.com\/es\/wp-json\/wp\/v2\/media?parent=284"}],"curies":[{"name":"wp","href":"https:\/\/api.w.org\/{rel}","templated":true}]}}