{"id":285,"date":"2015-06-24T09:12:10","date_gmt":"2015-06-24T09:12:10","guid":{"rendered":"https:\/\/www.acs-i-p.com\/the-company\/strategy\/"},"modified":"2015-06-30T09:33:21","modified_gmt":"2015-06-30T09:33:21","slug":"strategy","status":"publish","type":"page","link":"https:\/\/www.acs-i-p.com\/es\/the-company\/strategy\/","title":{"rendered":"Estrategia"},"content":{"rendered":"<div id=\"info-wrapper\">\n<p dir=\"ltr\">El Grupo esta concentrado en ofrecer la mejor experiencia a sus clientes a trav\u00e9s de ideas innovadoras, desarrollando una ventaja competitiva de diferenciaci\u00f3n en relaci\u00f3n a las posibles soluciones, y desarrolla una capacidad \u00fanica para cubrir todos los aspectos de los programas y proyectos, desde los estudios b\u00e1sicos hasta su ejecuci\u00f3n, as\u00ed como servicios conexos que conducen a la implementaci\u00f3n exitosa de los mismos. El Grupo est\u00e1 continuamente invirtiendo en investigaci\u00f3n y desarrollo, y en expandir sus experiencias en la regi\u00f3n latinoamericana, utilizando los recursos y capacidades que desarrolla en cada proyecto para adaptar tecnolog\u00edas ya probadas en otros pa\u00edses de gran desarrollo tecnol\u00f3gico.<\/p>\n<\/div>\n","protected":false},"excerpt":{"rendered":"<p>El Grupo esta concentrado en ofrecer la mejor experiencia a sus clientes a trav\u00e9s de ideas innovadoras, desarrollando una ventaja competitiva de diferenciaci\u00f3n en relaci\u00f3n a las posibles soluciones, y desarrolla una capacidad \u00fanica para cubrir todos los aspectos de los programas y proyectos, desde los estudios b\u00e1sicos hasta su ejecuci\u00f3n, as\u00ed como servicios conexos [&hellip;]<\/p>\n","protected":false},"author":1,"featured_media":0,"parent":278,"menu_order":0,"comment_status":"open","ping_status":"closed","template":"","meta":{"_acf_changed":false,"footnotes":""},"class_list":["post-285","page","type-page","status-publish","hentry"],"acf":[],"_links":{"self":[{"href":"https:\/\/www.acs-i-p.com\/es\/wp-json\/wp\/v2\/pages\/285","targetHints":{"allow":["GET"]}}],"collection":[{"href":"https:\/\/www.acs-i-p.com\/es\/wp-json\/wp\/v2\/pages"}],"about":[{"href":"https:\/\/www.acs-i-p.com\/es\/wp-json\/wp\/v2\/types\/page"}],"author":[{"embeddable":true,"href":"https:\/\/www.acs-i-p.com\/es\/wp-json\/wp\/v2\/users\/1"}],"replies":[{"embeddable":true,"href":"https:\/\/www.acs-i-p.com\/es\/wp-json\/wp\/v2\/comments?post=285"}],"version-history":[{"count":6,"href":"https:\/\/www.acs-i-p.com\/es\/wp-json\/wp\/v2\/pages\/285\/revisions"}],"predecessor-version":[{"id":862,"href":"https:\/\/www.acs-i-p.com\/es\/wp-json\/wp\/v2\/pages\/285\/revisions\/862"}],"up":[{"embeddable":true,"href":"https:\/\/www.acs-i-p.com\/es\/wp-json\/wp\/v2\/pages\/278"}],"wp:attachment":[{"href":"https:\/\/www.acs-i-p.com\/es\/wp-json\/wp\/v2\/media?parent=285"}],"curies":[{"name":"wp","href":"https:\/\/api.w.org\/{rel}","templated":true}]}}