{"id":287,"date":"2015-06-24T09:11:28","date_gmt":"2015-06-24T09:11:28","guid":{"rendered":"https:\/\/www.acs-i-p.com\/experience-2\/"},"modified":"2015-06-29T10:51:50","modified_gmt":"2015-06-29T10:51:50","slug":"experience","status":"publish","type":"page","link":"https:\/\/www.acs-i-p.com\/es\/experience\/","title":{"rendered":"Experiencia"},"content":{"rendered":"<h3 dir=\"ltr\">Nuestra Experiencia<\/h3>\n<h3 dir=\"ltr\">Proyectos Ejecutados y en Ejecuci\u00f3n<\/h3>\n<p dir=\"ltr\">La Divisi\u00f3n Agr\u00edcola tiene una amplia experiencia en la implementaci\u00f3n de programas y proyectos nacionales e internacionales. M\u00e1s de 200.000 hect\u00e1reas bajo riego con fertirrigaci\u00f3n en varios pa\u00edses de la regi\u00f3n, como Venezuela, Rep\u00fablica Dominicana, M\u00e9xico y otros. M\u00e1s de 100 hect\u00e1reas de invernaderos y casas de la red con equipos de post cosecha. El Grupo posee un proyecto de 18 hect\u00e1reas de invernaderos para tomates larga vida \u00fatil para el suministro de McDonalds, Wendy, Burger King y una red de supermercados. M\u00e1s de 10 mil hect\u00e1reas bajo riego con fertirrigaci\u00f3n para la producci\u00f3n de etanol y biodiesel en Venezuela, Israel y M\u00e9xico.<\/p>\n<p dir=\"ltr\">En la Division Agua nuestra experiencia se centra en el segmento de grandes consumidores de aguas industriales y contaminantes tales como minas, refinerias y plantas de energ\u00eda.<\/p>\n<p dir=\"ltr\">Se presentan a continuaci\u00f3n algunos\u00a0 de\u00a0 los proyectos del Grupo ejecutados y en ejecuci\u00f3n<\/p>\n<p dir=\"ltr\">\n","protected":false},"excerpt":{"rendered":"<p>Nuestra Experiencia Proyectos Ejecutados y en Ejecuci\u00f3n La Divisi\u00f3n Agr\u00edcola tiene una amplia experiencia en la implementaci\u00f3n de programas y proyectos nacionales e internacionales. M\u00e1s de 200.000 hect\u00e1reas bajo riego con fertirrigaci\u00f3n en varios pa\u00edses de la regi\u00f3n, como Venezuela, Rep\u00fablica Dominicana, M\u00e9xico y otros. M\u00e1s de 100 hect\u00e1reas de invernaderos y casas de la [&hellip;]<\/p>\n","protected":false},"author":1,"featured_media":0,"parent":0,"menu_order":0,"comment_status":"open","ping_status":"closed","template":"","meta":{"_acf_changed":false,"footnotes":""},"class_list":["post-287","page","type-page","status-publish","hentry"],"acf":[],"_links":{"self":[{"href":"https:\/\/www.acs-i-p.com\/es\/wp-json\/wp\/v2\/pages\/287","targetHints":{"allow":["GET"]}}],"collection":[{"href":"https:\/\/www.acs-i-p.com\/es\/wp-json\/wp\/v2\/pages"}],"about":[{"href":"https:\/\/www.acs-i-p.com\/es\/wp-json\/wp\/v2\/types\/page"}],"author":[{"embeddable":true,"href":"https:\/\/www.acs-i-p.com\/es\/wp-json\/wp\/v2\/users\/1"}],"replies":[{"embeddable":true,"href":"https:\/\/www.acs-i-p.com\/es\/wp-json\/wp\/v2\/comments?post=287"}],"version-history":[{"count":4,"href":"https:\/\/www.acs-i-p.com\/es\/wp-json\/wp\/v2\/pages\/287\/revisions"}],"predecessor-version":[{"id":595,"href":"https:\/\/www.acs-i-p.com\/es\/wp-json\/wp\/v2\/pages\/287\/revisions\/595"}],"wp:attachment":[{"href":"https:\/\/www.acs-i-p.com\/es\/wp-json\/wp\/v2\/media?parent=287"}],"curies":[{"name":"wp","href":"https:\/\/api.w.org\/{rel}","templated":true}]}}