{"id":289,"date":"2015-06-24T09:19:18","date_gmt":"2015-06-24T09:19:18","guid":{"rendered":"https:\/\/www.acs-i-p.com\/contact-us-2\/"},"modified":"2021-08-26T20:15:06","modified_gmt":"2021-08-26T20:15:06","slug":"contact-us","status":"publish","type":"page","link":"https:\/\/www.acs-i-p.com\/es\/contact-us\/","title":{"rendered":"Cont\u00e1ctenos"},"content":{"rendered":"<p><\/p>\n<p style=\"text-align: center;\"><span style=\"font-size: 24pt; color: #7db138;\">Cont\u00e1ctenos<\/span><\/p>\n<h6>&nbsp;<\/h6>\n<h3 style=\"text-align: center;\"><span style=\"color: #719600;\">Israel |&nbsp; M\u00e9xico |&nbsp; Inglaterra |&nbsp; Espa\u00f1a&nbsp;|&nbsp; Rep\u00fablica Dominicana&nbsp;| Per\u00fa&nbsp;&nbsp;| Venezuela<\/span><\/h3>\n\n\n<div style=\"height:25px\" aria-hidden=\"true\" class=\"wp-block-spacer\"><\/div>\n\n\n\n<div class=\"wp-block-media-text alignwide is-stacked-on-mobile is-vertically-aligned-center\" style=\"grid-template-columns:37% auto\"><figure class=\"wp-block-media-text__media\"><img fetchpriority=\"high\" decoding=\"async\" width=\"640\" height=\"480\" src=\"https:\/\/www.acs-i-p.com\/wp-content\/uploads\/2021\/04\/international-2681369_640-2.jpg\" alt=\"\" class=\"wp-image-1485 size-full\" srcset=\"https:\/\/www.acs-i-p.com\/wp-content\/uploads\/2021\/04\/international-2681369_640-2.jpg 640w, https:\/\/www.acs-i-p.com\/wp-content\/uploads\/2021\/04\/international-2681369_640-2-248x186.jpg 248w\" sizes=\"(max-width: 640px) 100vw, 640px\" \/><\/figure><div class=\"wp-block-media-text__content\">\n<p><strong>ACS International Projects- Israel<\/strong><br>B.A. Zohar Azuz<br>Director<br>Tel: +972 50-7487201<br>E-mail: zohar@acs-i-p.com<br>Saint George 9 Kiriat Ekron 76920<\/p>\n<\/div><\/div>\n\n\n\n<hr class=\"wp-block-separator aligncenter\"\/>\n\n\n\n<div class=\"wp-block-media-text alignwide has-media-on-the-right is-stacked-on-mobile is-vertically-aligned-center\" style=\"grid-template-columns:auto 37%\"><figure class=\"wp-block-media-text__media\"><img decoding=\"async\" width=\"640\" height=\"480\" src=\"https:\/\/www.acs-i-p.com\/wp-content\/uploads\/2021\/04\/international-2694681_640.jpg\" alt=\"\" class=\"wp-image-1477 size-full\" srcset=\"https:\/\/www.acs-i-p.com\/wp-content\/uploads\/2021\/04\/international-2694681_640.jpg 640w, https:\/\/www.acs-i-p.com\/wp-content\/uploads\/2021\/04\/international-2694681_640-248x186.jpg 248w\" sizes=\"(max-width: 640px) 100vw, 640px\" \/><\/figure><div class=\"wp-block-media-text__content\">\n<p class=\"has-text-align-right\"><strong>ACS International Projects- M\u00e9xico<\/strong><br>Lis. Debi Israeli<br>Representante<br>Tel: +52 1 55 8548 4356<br>E-mail: debi@acs-i-p.com<\/p>\n<\/div><\/div>\n\n\n\n<hr class=\"wp-block-separator aligncenter\"\/>\n\n\n\n<div class=\"wp-block-media-text alignwide is-stacked-on-mobile is-vertically-aligned-center\" style=\"grid-template-columns:37% auto\"><figure class=\"wp-block-media-text__media\"><img decoding=\"async\" width=\"640\" height=\"480\" src=\"https:\/\/www.acs-i-p.com\/wp-content\/uploads\/2021\/04\/international-2684759_640.jpg\" alt=\"\" class=\"wp-image-1465 size-full\" srcset=\"https:\/\/www.acs-i-p.com\/wp-content\/uploads\/2021\/04\/international-2684759_640.jpg 640w, https:\/\/www.acs-i-p.com\/wp-content\/uploads\/2021\/04\/international-2684759_640-248x186.jpg 248w\" sizes=\"(max-width: 640px) 100vw, 640px\" \/><\/figure><div class=\"wp-block-media-text__content\">\n<p><strong>ACS International Projects- Inglaterra<br><\/strong>M.B.A. Limor Barkan<br>Representante<br>Tel: +44 73 83 55 40 41<br>E-mail: limor@acs-i-p.com<br>17 Linkside, N12 7LE, London \u2013 GB<\/p>\n<\/div><\/div>\n\n\n\n<hr class=\"wp-block-separator aligncenter\"\/>\n\n\n\n<div class=\"wp-block-media-text alignwide has-media-on-the-right is-stacked-on-mobile is-vertically-aligned-center\" style=\"grid-template-columns:auto 37%\"><figure class=\"wp-block-media-text__media\"><img loading=\"lazy\" decoding=\"async\" width=\"640\" height=\"480\" src=\"https:\/\/www.acs-i-p.com\/wp-content\/uploads\/2021\/04\/international-2681322_640.jpg\" alt=\"\" class=\"wp-image-1467 size-full\" srcset=\"https:\/\/www.acs-i-p.com\/wp-content\/uploads\/2021\/04\/international-2681322_640.jpg 640w, https:\/\/www.acs-i-p.com\/wp-content\/uploads\/2021\/04\/international-2681322_640-248x186.jpg 248w\" sizes=\"(max-width: 640px) 100vw, 640px\" \/><\/figure><div class=\"wp-block-media-text__content\">\n<p class=\"has-text-align-right\"><strong>ACS International Projects- Espa\u00f1a<\/strong><br>Lis. Scarlet Hernandez de la Cruz<br>Representante<br>Tel: +34 643 73 74 36<br>E-mail: scarlet@acs-i-p.com<br>Burgos<\/p>\n<\/div><\/div>\n\n\n\n<hr class=\"wp-block-separator aligncenter\"\/>\n\n\n\n<div class=\"wp-block-media-text alignwide is-stacked-on-mobile is-vertically-aligned-center\" style=\"grid-template-columns:37% auto\"><figure class=\"wp-block-media-text__media\"><img loading=\"lazy\" decoding=\"async\" width=\"640\" height=\"480\" src=\"https:\/\/www.acs-i-p.com\/wp-content\/uploads\/2021\/04\/international-2693116_640.jpg\" alt=\"\" class=\"wp-image-1469 size-full\" srcset=\"https:\/\/www.acs-i-p.com\/wp-content\/uploads\/2021\/04\/international-2693116_640.jpg 640w, https:\/\/www.acs-i-p.com\/wp-content\/uploads\/2021\/04\/international-2693116_640-248x186.jpg 248w\" sizes=\"(max-width: 640px) 100vw, 640px\" \/><\/figure><div class=\"wp-block-media-text__content\">\n<p><strong>ACS International Projects- Rep\u00fablica Dominicana<\/strong><br>Ing. Joshua Nave<br>Gerente General de Am\u00e9rica Latina<br>Tel: +1 829 521 1275<br>E-mail: jnave@acs-i-p.com<br>Calle Viento Mistral No. 15, esq. Cayetano Germos\u00e9n, Buenos Aires del Mirador, Santo Domingo<\/p>\n<\/div><\/div>\n\n\n\n<hr class=\"wp-block-separator aligncenter\"\/>\n\n\n\n<div class=\"wp-block-media-text alignwide has-media-on-the-right is-stacked-on-mobile is-vertically-aligned-center\" style=\"grid-template-columns:auto 37%\"><figure class=\"wp-block-media-text__media\"><img loading=\"lazy\" decoding=\"async\" width=\"1024\" height=\"576\" src=\"https:\/\/www.acs-i-p.com\/wp-content\/uploads\/2021\/04\/Download-flag-Peru-wallpapers-and-images-wallpapers-pictures-1-1024x576.jpg\" alt=\"\" class=\"wp-image-1473 size-full\" srcset=\"https:\/\/www.acs-i-p.com\/wp-content\/uploads\/2021\/04\/Download-flag-Peru-wallpapers-and-images-wallpapers-pictures-1-1024x576.jpg 1024w, https:\/\/www.acs-i-p.com\/wp-content\/uploads\/2021\/04\/Download-flag-Peru-wallpapers-and-images-wallpapers-pictures-1-320x180.jpg 320w, https:\/\/www.acs-i-p.com\/wp-content\/uploads\/2021\/04\/Download-flag-Peru-wallpapers-and-images-wallpapers-pictures-1-768x432.jpg 768w, https:\/\/www.acs-i-p.com\/wp-content\/uploads\/2021\/04\/Download-flag-Peru-wallpapers-and-images-wallpapers-pictures-1-1536x864.jpg 1536w, https:\/\/www.acs-i-p.com\/wp-content\/uploads\/2021\/04\/Download-flag-Peru-wallpapers-and-images-wallpapers-pictures-1-1080x608.jpg 1080w, https:\/\/www.acs-i-p.com\/wp-content\/uploads\/2021\/04\/Download-flag-Peru-wallpapers-and-images-wallpapers-pictures-1.jpg 1920w\" sizes=\"(max-width: 1024px) 100vw, 1024px\" \/><\/figure><div class=\"wp-block-media-text__content\">\n<p class=\"has-text-align-right\"><strong>ACS International Projects- Per\u00fa<\/strong><br>Ing. Marc\u00f3 Olivo<br>Gerente general<br>Tel: +51975105587<br>E-mail: marco@acs-i-p.com<br>Av. Mariscal La Mar 550<br>202, Miraflores, Lima<\/p>\n<\/div><\/div>\n\n\n\n<hr class=\"wp-block-separator aligncenter\"\/>\n\n\n\n<div class=\"wp-block-media-text alignwide is-stacked-on-mobile is-vertically-aligned-center\" style=\"grid-template-columns:37% auto\"><figure class=\"wp-block-media-text__media\"><img loading=\"lazy\" decoding=\"async\" width=\"1024\" height=\"576\" src=\"https:\/\/www.acs-i-p.com\/wp-content\/uploads\/2021\/04\/Download-flag-venezuela-flag-wallpapers-and-images-wallpapers-pictures-1024x576.jpg\" alt=\"\" class=\"wp-image-1475 size-full\" srcset=\"https:\/\/www.acs-i-p.com\/wp-content\/uploads\/2021\/04\/Download-flag-venezuela-flag-wallpapers-and-images-wallpapers-pictures-1024x576.jpg 1024w, https:\/\/www.acs-i-p.com\/wp-content\/uploads\/2021\/04\/Download-flag-venezuela-flag-wallpapers-and-images-wallpapers-pictures-320x180.jpg 320w, https:\/\/www.acs-i-p.com\/wp-content\/uploads\/2021\/04\/Download-flag-venezuela-flag-wallpapers-and-images-wallpapers-pictures-768x432.jpg 768w, https:\/\/www.acs-i-p.com\/wp-content\/uploads\/2021\/04\/Download-flag-venezuela-flag-wallpapers-and-images-wallpapers-pictures-1536x864.jpg 1536w, https:\/\/www.acs-i-p.com\/wp-content\/uploads\/2021\/04\/Download-flag-venezuela-flag-wallpapers-and-images-wallpapers-pictures-1080x608.jpg 1080w, https:\/\/www.acs-i-p.com\/wp-content\/uploads\/2021\/04\/Download-flag-venezuela-flag-wallpapers-and-images-wallpapers-pictures.jpg 1920w\" sizes=\"(max-width: 1024px) 100vw, 1024px\" \/><\/figure><div class=\"wp-block-media-text__content\">\n<p><strong>ACS International Projects- Venezuela<\/strong><br>Lic. Odelys Rodr\u00edguez<br>Representante<br>Tel: +58 424 4711928<br>E-mail: odelys@acs-i-p.com<br>Bejuma Edo Carabobo Venezuela<\/p>\n<\/div><\/div>\n\n\n\n<div style=\"height:25px\" aria-hidden=\"true\" class=\"wp-block-spacer\"><\/div>\n\n\n\n<p><\/p>\n","protected":false},"excerpt":{"rendered":"<p>Cont\u00e1ctenos &nbsp; Israel |&nbsp; M\u00e9xico |&nbsp; Inglaterra |&nbsp; Espa\u00f1a&nbsp;|&nbsp; Rep\u00fablica Dominicana&nbsp;| Per\u00fa&nbsp;&nbsp;| Venezuela ACS International Projects- IsraelB.A. Zohar AzuzDirectorTel: +972 50-7487201E-mail: zohar@acs-i-p.comSaint George 9 Kiriat Ekron 76920 ACS International Projects- M\u00e9xicoLis. Debi IsraeliRepresentanteTel: +52 1 55 8548 4356E-mail: debi@acs-i-p.com ACS International Projects- InglaterraM.B.A. Limor BarkanRepresentanteTel: +44 73 83 55 40 41E-mail: limor@acs-i-p.com17 Linkside, N12 7LE, [&hellip;]<\/p>\n","protected":false},"author":1,"featured_media":0,"parent":0,"menu_order":15,"comment_status":"open","ping_status":"open","template":"","meta":{"_acf_changed":false,"footnotes":""},"class_list":["post-289","page","type-page","status-publish","hentry"],"acf":[],"_links":{"self":[{"href":"https:\/\/www.acs-i-p.com\/es\/wp-json\/wp\/v2\/pages\/289","targetHints":{"allow":["GET"]}}],"collection":[{"href":"https:\/\/www.acs-i-p.com\/es\/wp-json\/wp\/v2\/pages"}],"about":[{"href":"https:\/\/www.acs-i-p.com\/es\/wp-json\/wp\/v2\/types\/page"}],"author":[{"embeddable":true,"href":"https:\/\/www.acs-i-p.com\/es\/wp-json\/wp\/v2\/users\/1"}],"replies":[{"embeddable":true,"href":"https:\/\/www.acs-i-p.com\/es\/wp-json\/wp\/v2\/comments?post=289"}],"version-history":[{"count":23,"href":"https:\/\/www.acs-i-p.com\/es\/wp-json\/wp\/v2\/pages\/289\/revisions"}],"predecessor-version":[{"id":1539,"href":"https:\/\/www.acs-i-p.com\/es\/wp-json\/wp\/v2\/pages\/289\/revisions\/1539"}],"wp:attachment":[{"href":"https:\/\/www.acs-i-p.com\/es\/wp-json\/wp\/v2\/media?parent=289"}],"curies":[{"name":"wp","href":"https:\/\/api.w.org\/{rel}","templated":true}]}}