{"id":298,"date":"2015-06-24T09:13:57","date_gmt":"2015-06-24T09:13:57","guid":{"rendered":"https:\/\/www.acs-i-p.com\/experience\/projects-carambu-palmarito-and-tiznados-lavalin-canada\/"},"modified":"2015-06-29T12:10:36","modified_gmt":"2015-06-29T12:10:36","slug":"projects-carambu-palmarito-and-tiznados-lavalin-canada","status":"publish","type":"page","link":"https:\/\/www.acs-i-p.com\/es\/experience\/projects-carambu-palmarito-and-tiznados-lavalin-canada\/","title":{"rendered":"Proyectos Carambu, Palmarito y Tiznados"},"content":{"rendered":"<p><strong>Lavalin \u2013 Canad\u00e1<\/strong><\/p>\n<p>Proyecto EPC. Adicional incluye asistencia t\u00e9cnica, agron\u00f3mica y suministro de insumos especiales para agricultura como fertilizantes solubles<br \/>Carambu, El Cenizo \u2013 1,000 has para diferentes cultivos agr\u00edcolas.<br \/>Palmarito, La Estrella \u2013 800 has para diferentes cultivos agr\u00edcolas.<br \/>Tiznados \u2013 800 has para diferentes cultivos agr\u00edcolas.<br \/>Financiamiento: EDC Canad\u00e1<\/p>\n","protected":false},"excerpt":{"rendered":"<p>Lavalin \u2013 Canad\u00e1 Proyecto EPC. Adicional incluye asistencia t\u00e9cnica, agron\u00f3mica y suministro de insumos especiales para agricultura como fertilizantes solublesCarambu, El Cenizo \u2013 1,000 has para diferentes cultivos agr\u00edcolas.Palmarito, La Estrella \u2013 800 has para diferentes cultivos agr\u00edcolas.Tiznados \u2013 800 has para diferentes cultivos agr\u00edcolas.Financiamiento: EDC Canad\u00e1<\/p>\n","protected":false},"author":1,"featured_media":0,"parent":287,"menu_order":0,"comment_status":"open","ping_status":"closed","template":"","meta":{"_acf_changed":false,"footnotes":""},"class_list":["post-298","page","type-page","status-publish","hentry"],"acf":[],"_links":{"self":[{"href":"https:\/\/www.acs-i-p.com\/es\/wp-json\/wp\/v2\/pages\/298","targetHints":{"allow":["GET"]}}],"collection":[{"href":"https:\/\/www.acs-i-p.com\/es\/wp-json\/wp\/v2\/pages"}],"about":[{"href":"https:\/\/www.acs-i-p.com\/es\/wp-json\/wp\/v2\/types\/page"}],"author":[{"embeddable":true,"href":"https:\/\/www.acs-i-p.com\/es\/wp-json\/wp\/v2\/users\/1"}],"replies":[{"embeddable":true,"href":"https:\/\/www.acs-i-p.com\/es\/wp-json\/wp\/v2\/comments?post=298"}],"version-history":[{"count":4,"href":"https:\/\/www.acs-i-p.com\/es\/wp-json\/wp\/v2\/pages\/298\/revisions"}],"predecessor-version":[{"id":813,"href":"https:\/\/www.acs-i-p.com\/es\/wp-json\/wp\/v2\/pages\/298\/revisions\/813"}],"up":[{"embeddable":true,"href":"https:\/\/www.acs-i-p.com\/es\/wp-json\/wp\/v2\/pages\/287"}],"wp:attachment":[{"href":"https:\/\/www.acs-i-p.com\/es\/wp-json\/wp\/v2\/media?parent=298"}],"curies":[{"name":"wp","href":"https:\/\/api.w.org\/{rel}","templated":true}]}}