{"id":300,"date":"2015-06-24T09:13:57","date_gmt":"2015-06-24T09:13:57","guid":{"rendered":"https:\/\/www.acs-i-p.com\/experience\/sugarcane-projects\/"},"modified":"2015-06-29T12:13:11","modified_gmt":"2015-06-29T12:13:11","slug":"sugarcane-projects","status":"publish","type":"page","link":"https:\/\/www.acs-i-p.com\/es\/experience\/sugarcane-projects\/","title":{"rendered":"Proyectos con Ca\u00f1a de Az\u00facar"},"content":{"rendered":"<p><strong>Riego por Goteo Sub Superficial<\/strong><br \/><strong>Venezuela<\/strong><\/p>\n<p>Proyecto Azucarero Ezequiel Zamora. Caez.<\/p>\n<p>Proyecto EPC: 1.000 has de sistemas de riego por goteo subterr\u00e1neo. Ca\u00f1a de az\u00facar para etanol. Adicional incluye\u00a0 asistencia t\u00e9cnica, agron\u00f3mica y suministro de insumos especiales para la\u00a0 agricultura como fertilizantes solubles.<\/p>\n<p>&nbsp;<\/p>\n","protected":false},"excerpt":{"rendered":"<p>Riego por Goteo Sub SuperficialVenezuela Proyecto Azucarero Ezequiel Zamora. Caez. Proyecto EPC: 1.000 has de sistemas de riego por goteo subterr\u00e1neo. Ca\u00f1a de az\u00facar para etanol. Adicional incluye\u00a0 asistencia t\u00e9cnica, agron\u00f3mica y suministro de insumos especiales para la\u00a0 agricultura como fertilizantes solubles. &nbsp;<\/p>\n","protected":false},"author":1,"featured_media":0,"parent":287,"menu_order":0,"comment_status":"open","ping_status":"open","template":"","meta":{"_acf_changed":false,"footnotes":""},"class_list":["post-300","page","type-page","status-publish","hentry"],"acf":[],"_links":{"self":[{"href":"https:\/\/www.acs-i-p.com\/es\/wp-json\/wp\/v2\/pages\/300","targetHints":{"allow":["GET"]}}],"collection":[{"href":"https:\/\/www.acs-i-p.com\/es\/wp-json\/wp\/v2\/pages"}],"about":[{"href":"https:\/\/www.acs-i-p.com\/es\/wp-json\/wp\/v2\/types\/page"}],"author":[{"embeddable":true,"href":"https:\/\/www.acs-i-p.com\/es\/wp-json\/wp\/v2\/users\/1"}],"replies":[{"embeddable":true,"href":"https:\/\/www.acs-i-p.com\/es\/wp-json\/wp\/v2\/comments?post=300"}],"version-history":[{"count":3,"href":"https:\/\/www.acs-i-p.com\/es\/wp-json\/wp\/v2\/pages\/300\/revisions"}],"predecessor-version":[{"id":815,"href":"https:\/\/www.acs-i-p.com\/es\/wp-json\/wp\/v2\/pages\/300\/revisions\/815"}],"up":[{"embeddable":true,"href":"https:\/\/www.acs-i-p.com\/es\/wp-json\/wp\/v2\/pages\/287"}],"wp:attachment":[{"href":"https:\/\/www.acs-i-p.com\/es\/wp-json\/wp\/v2\/media?parent=300"}],"curies":[{"name":"wp","href":"https:\/\/api.w.org\/{rel}","templated":true}]}}