{"id":302,"date":"2015-06-24T09:13:17","date_gmt":"2015-06-24T09:13:17","guid":{"rendered":"https:\/\/www.acs-i-p.com\/agricultural-division\/bioenergy\/"},"modified":"2015-06-30T09:31:20","modified_gmt":"2015-06-30T09:31:20","slug":"bioenergy","status":"publish","type":"page","link":"https:\/\/www.acs-i-p.com\/es\/agricultural-division\/bioenergy\/","title":{"rendered":"Bioenerg\u00eda"},"content":{"rendered":"<p>ACS esta presente en el mercado de los biocombustibles l\u00edquidos de primera generaci\u00f3n de Bioetanol y Biodiesel, los cuales poseen ya una tecnolog\u00eda madura y est\u00e1n disponibles comercialmente. El Bioetanol se produce a partir de cultivos ricos en az\u00facares como la\u00a0 ca\u00f1a de az\u00facar, la remolacha y el sorgo dulce; o de almid\u00f3n como el ma\u00edz, el trigo y la yuca. El biodiesel se produce a partir de aceites vegetales de castor o higuereta, soya, palma aceitera, jatropha, y otros de menor importancia mundial; grasas animales, micro algas y residuos de aceite de cocina. El sector ha experimentado un crecimiento anual del 10 % desde el 2000, y se estim\u00f3 que la producci\u00f3n de biocombustibles alcanz\u00f3 un total de 90 mil millones de litros en el mundo (82% bioetanol &#8211; 18% biodiesel) en el 2009. Para tener una idea del potencial de este mercado, se estima que en el 2008 los biocombustibles representaron el 1,5% de los combustibles en el sector transporte mundial (AIE, 2008a).<\/p>\n<p>&nbsp;<\/p>\n","protected":false},"excerpt":{"rendered":"<p>ACS esta presente en el mercado de los biocombustibles l\u00edquidos de primera generaci\u00f3n de Bioetanol y Biodiesel, los cuales poseen ya una tecnolog\u00eda madura y est\u00e1n disponibles comercialmente. El Bioetanol se produce a partir de cultivos ricos en az\u00facares como la\u00a0 ca\u00f1a de az\u00facar, la remolacha y el sorgo dulce; o de almid\u00f3n como el [&hellip;]<\/p>\n","protected":false},"author":1,"featured_media":0,"parent":280,"menu_order":22,"comment_status":"open","ping_status":"closed","template":"","meta":{"_acf_changed":false,"footnotes":""},"class_list":["post-302","page","type-page","status-publish","hentry"],"acf":[],"_links":{"self":[{"href":"https:\/\/www.acs-i-p.com\/es\/wp-json\/wp\/v2\/pages\/302","targetHints":{"allow":["GET"]}}],"collection":[{"href":"https:\/\/www.acs-i-p.com\/es\/wp-json\/wp\/v2\/pages"}],"about":[{"href":"https:\/\/www.acs-i-p.com\/es\/wp-json\/wp\/v2\/types\/page"}],"author":[{"embeddable":true,"href":"https:\/\/www.acs-i-p.com\/es\/wp-json\/wp\/v2\/users\/1"}],"replies":[{"embeddable":true,"href":"https:\/\/www.acs-i-p.com\/es\/wp-json\/wp\/v2\/comments?post=302"}],"version-history":[{"count":6,"href":"https:\/\/www.acs-i-p.com\/es\/wp-json\/wp\/v2\/pages\/302\/revisions"}],"predecessor-version":[{"id":854,"href":"https:\/\/www.acs-i-p.com\/es\/wp-json\/wp\/v2\/pages\/302\/revisions\/854"}],"up":[{"embeddable":true,"href":"https:\/\/www.acs-i-p.com\/es\/wp-json\/wp\/v2\/pages\/280"}],"wp:attachment":[{"href":"https:\/\/www.acs-i-p.com\/es\/wp-json\/wp\/v2\/media?parent=302"}],"curies":[{"name":"wp","href":"https:\/\/api.w.org\/{rel}","templated":true}]}}