{"id":303,"date":"2015-06-24T09:13:17","date_gmt":"2015-06-24T09:13:17","guid":{"rendered":"https:\/\/www.acs-i-p.com\/agricultural-division\/collection-center\/"},"modified":"2015-06-30T09:31:13","modified_gmt":"2015-06-30T09:31:13","slug":"collection-center","status":"publish","type":"page","link":"https:\/\/www.acs-i-p.com\/es\/agricultural-division\/collection-center\/","title":{"rendered":"Centros De Acopio"},"content":{"rendered":"<p>Los proyectos relacionados con centros de acopio incluyen todos aquellos equipos que se requieren para el manejo post cosecha de frutas y hortalizas. Deben estar situados preferentemente en los mismos lugares de producci\u00f3n y\/o zonas colindantes, y deben tener las instalaciones apropiadas para ejecutar todas las operaciones, tales como recepci\u00f3n, selecci\u00f3n, limpieza, lavado, secado, clasificaci\u00f3n, conteo, pesado, empaque y almacenaje seg\u00fan los tipos de cultivos y vol\u00famenes de producci\u00f3n en cada una de los proyectos individuales seleccionados para garantizar la calidad y para a\u00f1adir valor agregado a los productos comercializados en el mercado nacional e internacional.<br \/> Los proyectos se desarrollan en base a los estudios y a la ingenier\u00eda realizada por nuestros expertos.<br \/> Se realiza la ingenier\u00eda conceptual, b\u00e1sica y detallada de los proyectos individuales, incluyendo el dise\u00f1o de las estructuras civiles requeridas as\u00ed como la procura o suministro de las maquinas clasificadoras de frutas y hortalizas, que incluye equipos para la recepci\u00f3n, selecci\u00f3n, limpieza, lavado, secado, clasificaci\u00f3n, conteo, pesado, empaque y almacenaje.<\/p>\n<p>&nbsp;<\/p>\n","protected":false},"excerpt":{"rendered":"<p>Los proyectos relacionados con centros de acopio incluyen todos aquellos equipos que se requieren para el manejo post cosecha de frutas y hortalizas. Deben estar situados preferentemente en los mismos lugares de producci\u00f3n y\/o zonas colindantes, y deben tener las instalaciones apropiadas para ejecutar todas las operaciones, tales como recepci\u00f3n, selecci\u00f3n, limpieza, lavado, secado, clasificaci\u00f3n, [&hellip;]<\/p>\n","protected":false},"author":1,"featured_media":0,"parent":280,"menu_order":23,"comment_status":"open","ping_status":"closed","template":"","meta":{"_acf_changed":false,"footnotes":""},"class_list":["post-303","page","type-page","status-publish","hentry"],"acf":[],"_links":{"self":[{"href":"https:\/\/www.acs-i-p.com\/es\/wp-json\/wp\/v2\/pages\/303","targetHints":{"allow":["GET"]}}],"collection":[{"href":"https:\/\/www.acs-i-p.com\/es\/wp-json\/wp\/v2\/pages"}],"about":[{"href":"https:\/\/www.acs-i-p.com\/es\/wp-json\/wp\/v2\/types\/page"}],"author":[{"embeddable":true,"href":"https:\/\/www.acs-i-p.com\/es\/wp-json\/wp\/v2\/users\/1"}],"replies":[{"embeddable":true,"href":"https:\/\/www.acs-i-p.com\/es\/wp-json\/wp\/v2\/comments?post=303"}],"version-history":[{"count":5,"href":"https:\/\/www.acs-i-p.com\/es\/wp-json\/wp\/v2\/pages\/303\/revisions"}],"predecessor-version":[{"id":849,"href":"https:\/\/www.acs-i-p.com\/es\/wp-json\/wp\/v2\/pages\/303\/revisions\/849"}],"up":[{"embeddable":true,"href":"https:\/\/www.acs-i-p.com\/es\/wp-json\/wp\/v2\/pages\/280"}],"wp:attachment":[{"href":"https:\/\/www.acs-i-p.com\/es\/wp-json\/wp\/v2\/media?parent=303"}],"curies":[{"name":"wp","href":"https:\/\/api.w.org\/{rel}","templated":true}]}}