{"id":304,"date":"2015-06-24T09:13:17","date_gmt":"2015-06-24T09:13:17","guid":{"rendered":"https:\/\/www.acs-i-p.com\/agricultural-division\/irrigation-in-open-field\/"},"modified":"2015-06-30T09:31:04","modified_gmt":"2015-06-30T09:31:04","slug":"irrigation-in-open-field","status":"publish","type":"page","link":"https:\/\/www.acs-i-p.com\/es\/agricultural-division\/irrigation-in-open-field\/","title":{"rendered":"Irrigacion A Campo Abierto"},"content":{"rendered":"<p dir=\"ltr\">Los proyectos de irrigaci\u00f3n est\u00e1n orientados al desarrollo de grandes\u00a0\u00e1reas\u00a0con riego presurizados de baja presi\u00f3n en los cultivos m\u00e1s comunes, incluyendo los cultivos de agro exportaci\u00f3n (tomates piment\u00f3n, cebolla, mel\u00f3n, sandia, esp\u00e1rrago, uva, banano, mango, cacao, caf\u00e9, c\u00edtricos, aguacate, sorgo, ma\u00edz, girasol, ca\u00f1a de az\u00facar, granos y leguminosas). Se implementan sistemas de riego por goteo, micro aspersi\u00f3n, mini aspersi\u00f3n, aspersi\u00f3n, pivotes y autopropulsados. El m\u00e9todo de riego a seleccionar para cada proyecto es recomendado en funci\u00f3n del cultivo o cultivos seleccionados en base a los mercados, y de las condiciones agroecol\u00f3gicas existentes en cada unidad de producci\u00f3n.<\/p>\n<p dir=\"ltr\">Los proyectos de irrigaci\u00f3n incluyen el desarrollo de la ingenier\u00eda, la procura y la construcci\u00f3n:<\/p>\n<ol dir=\"ltr\">\n<li>La\u00a0ingenier\u00eda conceptual, b\u00e1sica y detallada de los proyectos individuales incluyendo obras de toma, estaciones de bombeo, red de tuber\u00edas, emisores y automatizaci\u00f3n.<\/li>\n<li>La\u00a0procura o suministro de motobombas el\u00e9ctricas y diesel, tuber\u00edas y accesorios de succi\u00f3n, v\u00e1lvulas de control, filtros de disco auto limpiantes, filtros de grava, hidrociclones, filtros de disco y de malla, controladores de riego para la automatizaci\u00f3n de equipos, cables el\u00e9ctricos, inyectores de fertirrigaci\u00f3n, v\u00e1lvulas hidr\u00e1ulicas, tuber\u00edas de PVC, tuber\u00edas de goteo, goteros de bot\u00f3n, micro aspersores, mini aspersores, aspersores, pivotes centrales, pivotes lineales y carretes autopropulsados.<\/li>\n<li>La\u00a0construcci\u00f3n de los proyectos en base a la ingenier\u00eda de detalle.<\/li>\n<\/ol>\n","protected":false},"excerpt":{"rendered":"<p>Los proyectos de irrigaci\u00f3n est\u00e1n orientados al desarrollo de grandes\u00a0\u00e1reas\u00a0con riego presurizados de baja presi\u00f3n en los cultivos m\u00e1s comunes, incluyendo los cultivos de agro exportaci\u00f3n (tomates piment\u00f3n, cebolla, mel\u00f3n, sandia, esp\u00e1rrago, uva, banano, mango, cacao, caf\u00e9, c\u00edtricos, aguacate, sorgo, ma\u00edz, girasol, ca\u00f1a de az\u00facar, granos y leguminosas). Se implementan sistemas de riego por goteo, [&hellip;]<\/p>\n","protected":false},"author":1,"featured_media":0,"parent":280,"menu_order":25,"comment_status":"open","ping_status":"closed","template":"","meta":{"_acf_changed":false,"footnotes":""},"class_list":["post-304","page","type-page","status-publish","hentry"],"acf":[],"_links":{"self":[{"href":"https:\/\/www.acs-i-p.com\/es\/wp-json\/wp\/v2\/pages\/304","targetHints":{"allow":["GET"]}}],"collection":[{"href":"https:\/\/www.acs-i-p.com\/es\/wp-json\/wp\/v2\/pages"}],"about":[{"href":"https:\/\/www.acs-i-p.com\/es\/wp-json\/wp\/v2\/types\/page"}],"author":[{"embeddable":true,"href":"https:\/\/www.acs-i-p.com\/es\/wp-json\/wp\/v2\/users\/1"}],"replies":[{"embeddable":true,"href":"https:\/\/www.acs-i-p.com\/es\/wp-json\/wp\/v2\/comments?post=304"}],"version-history":[{"count":5,"href":"https:\/\/www.acs-i-p.com\/es\/wp-json\/wp\/v2\/pages\/304\/revisions"}],"predecessor-version":[{"id":847,"href":"https:\/\/www.acs-i-p.com\/es\/wp-json\/wp\/v2\/pages\/304\/revisions\/847"}],"up":[{"embeddable":true,"href":"https:\/\/www.acs-i-p.com\/es\/wp-json\/wp\/v2\/pages\/280"}],"wp:attachment":[{"href":"https:\/\/www.acs-i-p.com\/es\/wp-json\/wp\/v2\/media?parent=304"}],"curies":[{"name":"wp","href":"https:\/\/api.w.org\/{rel}","templated":true}]}}