{"id":306,"date":"2015-06-24T09:13:16","date_gmt":"2015-06-24T09:13:16","guid":{"rendered":"https:\/\/www.acs-i-p.com\/agricultural-division\/basic-studies\/"},"modified":"2015-06-30T09:31:09","modified_gmt":"2015-06-30T09:31:09","slug":"basic-studies","status":"publish","type":"page","link":"https:\/\/www.acs-i-p.com\/es\/agricultural-division\/basic-studies\/","title":{"rendered":"Estudios Basicos"},"content":{"rendered":"<p>Se realizan estudios integrales que reflejan las condiciones del medio ambiente que sirven de base para la elaboraci\u00f3n de la ingenier\u00eda conceptual, b\u00e1sica y detallada de los proyectos agr\u00edcolas. Un equipo de profesionales interdisciplinarios interact\u00faa para realizar los estudios topogr\u00e1ficos, agrol\u00f3gicos, hidrol\u00f3gicos,\u00a0 geol\u00f3gicos, de impacto ambiental y de vegetaci\u00f3n, entre otros.<\/p>\n<p>&nbsp;<\/p>\n","protected":false},"excerpt":{"rendered":"<p>Se realizan estudios integrales que reflejan las condiciones del medio ambiente que sirven de base para la elaboraci\u00f3n de la ingenier\u00eda conceptual, b\u00e1sica y detallada de los proyectos agr\u00edcolas. Un equipo de profesionales interdisciplinarios interact\u00faa para realizar los estudios topogr\u00e1ficos, agrol\u00f3gicos, hidrol\u00f3gicos,\u00a0 geol\u00f3gicos, de impacto ambiental y de vegetaci\u00f3n, entre otros. &nbsp;<\/p>\n","protected":false},"author":1,"featured_media":0,"parent":280,"menu_order":24,"comment_status":"open","ping_status":"closed","template":"","meta":{"_acf_changed":false,"footnotes":""},"class_list":["post-306","page","type-page","status-publish","hentry"],"acf":[],"_links":{"self":[{"href":"https:\/\/www.acs-i-p.com\/es\/wp-json\/wp\/v2\/pages\/306","targetHints":{"allow":["GET"]}}],"collection":[{"href":"https:\/\/www.acs-i-p.com\/es\/wp-json\/wp\/v2\/pages"}],"about":[{"href":"https:\/\/www.acs-i-p.com\/es\/wp-json\/wp\/v2\/types\/page"}],"author":[{"embeddable":true,"href":"https:\/\/www.acs-i-p.com\/es\/wp-json\/wp\/v2\/users\/1"}],"replies":[{"embeddable":true,"href":"https:\/\/www.acs-i-p.com\/es\/wp-json\/wp\/v2\/comments?post=306"}],"version-history":[{"count":4,"href":"https:\/\/www.acs-i-p.com\/es\/wp-json\/wp\/v2\/pages\/306\/revisions"}],"predecessor-version":[{"id":848,"href":"https:\/\/www.acs-i-p.com\/es\/wp-json\/wp\/v2\/pages\/306\/revisions\/848"}],"up":[{"embeddable":true,"href":"https:\/\/www.acs-i-p.com\/es\/wp-json\/wp\/v2\/pages\/280"}],"wp:attachment":[{"href":"https:\/\/www.acs-i-p.com\/es\/wp-json\/wp\/v2\/media?parent=306"}],"curies":[{"name":"wp","href":"https:\/\/api.w.org\/{rel}","templated":true}]}}