{"id":307,"date":"2015-06-24T09:12:51","date_gmt":"2015-06-24T09:12:51","guid":{"rendered":"https:\/\/www.acs-i-p.com\/water-division\/desalination\/"},"modified":"2015-06-30T09:31:39","modified_gmt":"2015-06-30T09:31:39","slug":"desalination","status":"publish","type":"page","link":"https:\/\/www.acs-i-p.com\/es\/water-division\/desalination\/","title":{"rendered":"Desalinizaci\u00f3n"},"content":{"rendered":"<p dir=\"ltr\"><strong>Plantas de Desalinizaci\u00f3n<\/strong><\/p>\n<p dir=\"ltr\">Son instalaciones industriales destinadas a la desalinizaci\u00f3n de aguas provenientes de pozos de agua profunda o de agua de mar, o de cualquier otra fuente de agua con alto contenido de s\u00f3lidos disueltos con el prop\u00f3sito de la obtenci\u00f3n de agua de uso y consumo humano.<\/p>\n<p dir=\"ltr\">ACS, junto con sus aliados estrat\u00e9gicos est\u00e1n a la vanguardia en la tecnolog\u00eda de desalinizaci\u00f3n de agua, y la consideran una fuente sostenible para abastecer a los distintos clientes de agua potable.<\/p>\n<p dir=\"ltr\">\u00a0<\/p>\n","protected":false},"excerpt":{"rendered":"<p>Plantas de Desalinizaci\u00f3n Son instalaciones industriales destinadas a la desalinizaci\u00f3n de aguas provenientes de pozos de agua profunda o de agua de mar, o de cualquier otra fuente de agua con alto contenido de s\u00f3lidos disueltos con el prop\u00f3sito de la obtenci\u00f3n de agua de uso y consumo humano. ACS, junto con sus aliados estrat\u00e9gicos [&hellip;]<\/p>\n","protected":false},"author":1,"featured_media":0,"parent":279,"menu_order":33,"comment_status":"open","ping_status":"closed","template":"","meta":{"_acf_changed":false,"footnotes":""},"class_list":["post-307","page","type-page","status-publish","hentry"],"acf":[],"_links":{"self":[{"href":"https:\/\/www.acs-i-p.com\/es\/wp-json\/wp\/v2\/pages\/307","targetHints":{"allow":["GET"]}}],"collection":[{"href":"https:\/\/www.acs-i-p.com\/es\/wp-json\/wp\/v2\/pages"}],"about":[{"href":"https:\/\/www.acs-i-p.com\/es\/wp-json\/wp\/v2\/types\/page"}],"author":[{"embeddable":true,"href":"https:\/\/www.acs-i-p.com\/es\/wp-json\/wp\/v2\/users\/1"}],"replies":[{"embeddable":true,"href":"https:\/\/www.acs-i-p.com\/es\/wp-json\/wp\/v2\/comments?post=307"}],"version-history":[{"count":6,"href":"https:\/\/www.acs-i-p.com\/es\/wp-json\/wp\/v2\/pages\/307\/revisions"}],"predecessor-version":[{"id":853,"href":"https:\/\/www.acs-i-p.com\/es\/wp-json\/wp\/v2\/pages\/307\/revisions\/853"}],"up":[{"embeddable":true,"href":"https:\/\/www.acs-i-p.com\/es\/wp-json\/wp\/v2\/pages\/279"}],"wp:attachment":[{"href":"https:\/\/www.acs-i-p.com\/es\/wp-json\/wp\/v2\/media?parent=307"}],"curies":[{"name":"wp","href":"https:\/\/api.w.org\/{rel}","templated":true}]}}