{"id":308,"date":"2015-06-24T09:12:51","date_gmt":"2015-06-24T09:12:51","guid":{"rendered":"https:\/\/www.acs-i-p.com\/water-division\/pumpingfiltration-and-conduit\/"},"modified":"2015-06-30T09:31:28","modified_gmt":"2015-06-30T09:31:28","slug":"pumpingfiltration-and-conduit","status":"publish","type":"page","link":"https:\/\/www.acs-i-p.com\/es\/water-division\/pumpingfiltration-and-conduit\/","title":{"rendered":"Bombeo Filtrado y Conducciones"},"content":{"rendered":"<p dir=\"ltr\">Una vez tratadas las aguas, se requiere el bombeo y la conducci\u00f3n de las mismas a los lugares definidos durante la ingenier\u00eda detallada. Las estaciones de bombeo son dise\u00f1adas para cada aplicaci\u00f3n, y pueden incluir bombas centrifugas, sumergibles y\/o\u00a0 bombas de turbina vertical, y todos los equipos conexos de succi\u00f3n y descarga que se requieran. Cuando se trabaja con aguas servidas previamente tratadas, las aguas se someten a una filtraci\u00f3n posterior de acuerdo a su uso. La\u00a0 conducci\u00f3n se realiza con tuber\u00eda de fibra de vidrio, PVC, polietileno, acero y\/o hierro de acuerdo al caso.<\/p>\n<p>&nbsp;<\/p>\n","protected":false},"excerpt":{"rendered":"<p>Una vez tratadas las aguas, se requiere el bombeo y la conducci\u00f3n de las mismas a los lugares definidos durante la ingenier\u00eda detallada. Las estaciones de bombeo son dise\u00f1adas para cada aplicaci\u00f3n, y pueden incluir bombas centrifugas, sumergibles y\/o\u00a0 bombas de turbina vertical, y todos los equipos conexos de succi\u00f3n y descarga que se requieran. [&hellip;]<\/p>\n","protected":false},"author":1,"featured_media":0,"parent":279,"menu_order":32,"comment_status":"open","ping_status":"closed","template":"","meta":{"_acf_changed":false,"footnotes":""},"class_list":["post-308","page","type-page","status-publish","hentry"],"acf":[],"_links":{"self":[{"href":"https:\/\/www.acs-i-p.com\/es\/wp-json\/wp\/v2\/pages\/308","targetHints":{"allow":["GET"]}}],"collection":[{"href":"https:\/\/www.acs-i-p.com\/es\/wp-json\/wp\/v2\/pages"}],"about":[{"href":"https:\/\/www.acs-i-p.com\/es\/wp-json\/wp\/v2\/types\/page"}],"author":[{"embeddable":true,"href":"https:\/\/www.acs-i-p.com\/es\/wp-json\/wp\/v2\/users\/1"}],"replies":[{"embeddable":true,"href":"https:\/\/www.acs-i-p.com\/es\/wp-json\/wp\/v2\/comments?post=308"}],"version-history":[{"count":5,"href":"https:\/\/www.acs-i-p.com\/es\/wp-json\/wp\/v2\/pages\/308\/revisions"}],"predecessor-version":[{"id":852,"href":"https:\/\/www.acs-i-p.com\/es\/wp-json\/wp\/v2\/pages\/308\/revisions\/852"}],"up":[{"embeddable":true,"href":"https:\/\/www.acs-i-p.com\/es\/wp-json\/wp\/v2\/pages\/279"}],"wp:attachment":[{"href":"https:\/\/www.acs-i-p.com\/es\/wp-json\/wp\/v2\/media?parent=308"}],"curies":[{"name":"wp","href":"https:\/\/api.w.org\/{rel}","templated":true}]}}